{"id":5760,"date":"2024-11-19T13:32:11","date_gmt":"2024-11-19T13:32:11","guid":{"rendered":"https:\/\/nutraid.eu\/new-en\/?page_id=5760"},"modified":"2024-11-27T11:33:17","modified_gmt":"2024-11-27T11:33:17","slug":"food-manufacturers","status":"publish","type":"page","link":"https:\/\/nutraid.eu\/site\/fr\/food-manufacturers\/","title":{"rendered":"Fabricants de produits alimentaires"},"content":{"rendered":"<div class=\"wpb-content-wrapper\"><div class=\"vc_row wpb_row vc_row-fluid vc_custom_1732212295758\"><div class=\"wpb_column vc_column_container vc_col-sm-5\"><div class=\"vc_column-inner\"><div class=\"wpb_wrapper\">\n\t<div class=\"wpb_text_column wpb_content_element vc_custom_1732365730041\" >\n\t\t<div class=\"wpb_wrapper\">\n\t\t\t<h2>Nutraid est au service des fabricants de produits alimentaires depuis plus de 20 ans.<\/h2>\n<p>Nous avons con\u00e7u notre syst\u00e8me pour qu'il r\u00e9ponde parfaitement \u00e0 leurs besoins. Il est facile \u00e0 utiliser et produit en quelques clics des \u00e9tiquettes alimentaires parfaitement conformes \u00e0 partir de vos recettes.<\/p>\n<p>Nous avons cr\u00e9\u00e9 Nutraid pour vous faire gagner du temps et de l'argent, et vous \u00e9pargner le stress de la production d'\u00e9tiquettes alimentaires.<\/p>\n\n\t\t<\/div>\n\t<\/div>\n<\/div><\/div><\/div><div class=\"wpb_column vc_column_container vc_col-sm-7\"><div class=\"vc_column-inner\"><div class=\"wpb_wrapper\">\n\t<div  class=\"wpb_single_image wpb_content_element vc_align_left wpb_content_element vc_custom_1732029973442  image-rounded\">\n\t\t\n\t\t<figure class=\"wpb_wrapper vc_figure\">\n\t\t\t<div class=\"vc_single_image-wrapper   vc_box_border_grey\"><img loading=\"lazy\" decoding=\"async\" width=\"933\" height=\"410\" src=\"https:\/\/nutraid.eu\/site\/wp-content\/uploads\/2024\/08\/bg2-1-e1725211703582.jpg\" class=\"vc_single_image-img attachment-full\" alt=\"\" title=\"Gros plan d&#039;un p\u00e2tissier masculin concentr\u00e9 en train de d\u00e9corer un dessert dans la cuisine\" srcset=\"https:\/\/nutraid.eu\/site\/wp-content\/uploads\/2024\/08\/bg2-1-e1725211703582.jpg 933w, https:\/\/nutraid.eu\/site\/wp-content\/uploads\/2024\/08\/bg2-1-e1725211703582-300x132.jpg 300w, https:\/\/nutraid.eu\/site\/wp-content\/uploads\/2024\/08\/bg2-1-e1725211703582-768x337.jpg 768w, https:\/\/nutraid.eu\/site\/wp-content\/uploads\/2024\/08\/bg2-1-e1725211703582-18x8.jpg 18w\" sizes=\"auto, (max-width: 933px) 100vw, 933px\" \/><\/div>\n\t\t<\/figure>\n\t<\/div>\n<\/div><\/div><\/div><\/div><div data-vc-full-width=\"true\" data-vc-full-width-init=\"false\" class=\"vc_row wpb_row vc_row-fluid custom-padding icon-offset vc_custom_1732205492525 vc_row-has-fill\"><div class=\"wpb_column vc_column_container vc_col-sm-12\"><div class=\"vc_column-inner\"><div class=\"wpb_wrapper\"><div class=\"vc_row wpb_row vc_inner vc_row-fluid\"><div class=\"flex-custom wpb_column vc_column_container vc_col-sm-4\"><div class=\"vc_column-inner\"><div class=\"wpb_wrapper\">\n\t<div  class=\"wpb_single_image wpb_content_element vc_align_left wpb_content_element\">\n\t\t\n\t\t<figure class=\"wpb_wrapper vc_figure\">\n\t\t\t<div class=\"vc_single_image-wrapper   vc_box_border_grey\"><img loading=\"lazy\" decoding=\"async\" width=\"150\" height=\"150\" src=\"https:\/\/nutraid.eu\/site\/wp-content\/uploads\/2024\/11\/recipes-1.svg\" class=\"vc_single_image-img attachment-thumbnail\" alt=\"\" title=\"recettes\" \/><\/div>\n\t\t<\/figure>\n\t<\/div>\n\n\t<div class=\"wpb_text_column wpb_content_element\" >\n\t\t<div class=\"wpb_wrapper\">\n\t\t\t<h3>G\u00e9rez vos recettes depuis n'importe o\u00f9<\/h3>\n<p>Cr\u00e9\u00e9 par une \u00e9quipe de professionnels de l'alimentation et de l'informatique depuis l'an 2000 avec des milliers de clients satisfaits.<\/p>\n\n\t\t<\/div>\n\t<\/div>\n<\/div><\/div><\/div><div class=\"flex-custom wpb_column vc_column_container vc_col-sm-4\"><div class=\"vc_column-inner\"><div class=\"wpb_wrapper\">\n\t<div  class=\"wpb_single_image wpb_content_element vc_align_left wpb_content_element\">\n\t\t\n\t\t<figure class=\"wpb_wrapper vc_figure\">\n\t\t\t<div class=\"vc_single_image-wrapper   vc_box_border_grey\"><img loading=\"lazy\" decoding=\"async\" width=\"150\" height=\"150\" src=\"https:\/\/nutraid.eu\/site\/wp-content\/uploads\/2024\/11\/labs.svg\" class=\"vc_single_image-img attachment-thumbnail\" alt=\"\" title=\"laboratoires\" \/><\/div>\n\t\t<\/figure>\n\t<\/div>\n\n\t<div class=\"wpb_text_column wpb_content_element\" >\n\t\t<div class=\"wpb_wrapper\">\n\t\t\t<h3>Analyser vos produits avec pr\u00e9cision<\/h3>\n<p>Calculez les nutriments de vos recettes en un clic, y compris toutes les valeurs nutritionnelles requises, les allerg\u00e8nes, les vitamines, l'IR et le QUID.<\/p>\n\n\t\t<\/div>\n\t<\/div>\n<\/div><\/div><\/div><div class=\"flex-custom wpb_column vc_column_container vc_col-sm-4\"><div class=\"vc_column-inner\"><div class=\"wpb_wrapper\">\n\t<div  class=\"wpb_single_image wpb_content_element vc_align_left wpb_content_element\">\n\t\t\n\t\t<figure class=\"wpb_wrapper vc_figure\">\n\t\t\t<div class=\"vc_single_image-wrapper   vc_box_border_grey\"><img loading=\"lazy\" decoding=\"async\" width=\"150\" height=\"150\" src=\"https:\/\/nutraid.eu\/site\/wp-content\/uploads\/2024\/11\/print.svg\" class=\"vc_single_image-img attachment-thumbnail\" alt=\"\" title=\"imprimer\" \/><\/div>\n\t\t<\/figure>\n\t<\/div>\n\n\t<div class=\"wpb_text_column wpb_content_element\" >\n\t\t<div class=\"wpb_wrapper\">\n\t\t\t<h3>Produire instantan\u00e9ment des \u00e9tiquettes conformes<\/h3>\n<p>Imprimez vos \u00e9tiquettes alimentaires ou exportez-les directement vers Excel ou un logiciel d'impression d'\u00e9tiquettes. Conforme \u00e0 la l\u00e9gislation europ\u00e9enne 1169 et \u00e0 la l\u00e9gislation am\u00e9ricaine.<\/p>\n\n\t\t<\/div>\n\t<\/div>\n<\/div><\/div><\/div><\/div><div class=\"vc_separator wpb_content_element vc_separator_align_center vc_sep_width_100 vc_sep_pos_align_center vc_separator_no_text vc_sep_color_grey wpb_content_element  wpb_content_element\" ><span class=\"vc_sep_holder vc_sep_holder_l\"><span class=\"vc_sep_line\"><\/span><\/span><span class=\"vc_sep_holder vc_sep_holder_r\"><span class=\"vc_sep_line\"><\/span><\/span>\n<\/div><\/div><\/div><\/div><\/div><div class=\"vc_row-full-width vc_clearfix\"><\/div><div data-vc-full-width=\"true\" data-vc-full-width-init=\"false\" class=\"vc_row wpb_row vc_row-fluid vc_custom_1725221616486 vc_row-has-fill vc_column-gap-35 vc_row-o-equal-height vc_row-o-content-middle vc_row-flex\"><div class=\"wpb_column vc_column_container vc_col-sm-2\"><div class=\"vc_column-inner\"><div class=\"wpb_wrapper\"><\/div><\/div><\/div><div class=\"wpb_column vc_column_container vc_col-sm-8\"><div class=\"vc_column-inner\"><div class=\"wpb_wrapper\">\n\t<div class=\"wpb_text_column wpb_content_element vc_custom_1732707194428\" >\n\t\t<div class=\"wpb_wrapper\">\n\t\t\t<h2 style=\"text-align: left;\">S'inscrire pour un essai gratuit<\/h2>\n<ul>\n<li style=\"text-align: left;\">Cr\u00e9ez facilement des recettes avec ou sans sous- recettes.<\/li>\n<li style=\"text-align: left;\">Produire instantan\u00e9ment des \u00e9tiquettes alimentaires.<\/li>\n<li style=\"text-align: left;\">G\u00e9rez vos recettes en ligne.<\/li>\n<\/ul>\n\n<div class=\"wpcf7 no-js\" id=\"wpcf7-f5531-o1\" lang=\"en-US\" dir=\"ltr\" data-wpcf7-id=\"5531\">\n<div class=\"screen-reader-response\"><p role=\"status\" aria-live=\"polite\" aria-atomic=\"true\"><\/p> <ul><\/ul><\/div>\n<form action=\"\/site\/fr\/wp-json\/wp\/v2\/pages\/5760#wpcf7-f5531-o1\" method=\"post\" class=\"wpcf7-form init\" aria-label=\"Contact form\" novalidate=\"novalidate\" data-status=\"init\" data-trp-original-action=\"\/site\/fr\/wp-json\/wp\/v2\/pages\/5760#wpcf7-f5531-o1\">\n<div style=\"display: none;\">\n<input type=\"hidden\" name=\"_wpcf7\" value=\"5531\" \/>\n<input type=\"hidden\" name=\"_wpcf7_version\" value=\"6.0.4\" \/>\n<input type=\"hidden\" name=\"_wpcf7_locale\" value=\"en_US\" \/>\n<input type=\"hidden\" name=\"_wpcf7_unit_tag\" value=\"wpcf7-f5531-o1\" \/>\n<input type=\"hidden\" name=\"_wpcf7_container_post\" value=\"0\" \/>\n<input type=\"hidden\" name=\"_wpcf7_posted_data_hash\" value=\"\" \/>\n<input type=\"hidden\" name=\"_wpcf7_recaptcha_response\" value=\"\" \/>\n<\/div>\n<div class=\"row custom-contact-form\" id=\"trial\" style=\"margin-bottom: 35px; margin-left: 0px;\">\n\t<div class=\"contact-form\">\n\t\t<div id=\"contact-form\">\n\t\t\t<div class=\"col-sm-4\">\n\t\t\t\t<div class=\"form-group\">\n\t\t\t\t\t<p><label>Nom complet*<span class=\"wpcf7-form-control-wrap\" data-name=\"client-name\"><input size=\"40\" maxlength=\"400\" class=\"wpcf7-form-control wpcf7-text wpcf7-validates-as-required form-control\" aria-required=\"true\" aria-invalid=\"false\" placeholder=\"Nom complet*\" value=\"\" type=\"text\" name=\"client-name\" \/><\/span><\/label>\n\t\t\t\t\t<\/p>\n\t\t\t\t<\/div>\n\t\t\t<\/div>\n\t\t\t<div class=\"col-sm-4\">\n\t\t\t\t<div class=\"form-group\">\n\t\t\t\t\t<p><label>Courriel*<span class=\"wpcf7-form-control-wrap\" data-name=\"client-email\"><input size=\"40\" maxlength=\"400\" class=\"wpcf7-form-control wpcf7-email wpcf7-validates-as-required wpcf7-text wpcf7-validates-as-email form-control\" aria-required=\"true\" aria-invalid=\"false\" placeholder=\"Courriel*\" value=\"\" type=\"email\" name=\"client-email\" \/><\/span><\/label>\n\t\t\t\t\t<\/p>\n\t\t\t\t<\/div>\n\t\t\t<\/div>\n\t\t\t<div class=\"col-sm-4\">\n\t\t\t\t<div class=\"form-group\">\n\t\t\t\t\t<p><label>Phone<span class=\"wpcf7-form-control-wrap\" data-name=\"client-phone\"><input size=\"40\" maxlength=\"400\" class=\"wpcf7-form-control wpcf7-text form-control\" aria-invalid=\"false\" placeholder=\"Phone\" value=\"\" type=\"text\" name=\"client-phone\" \/><\/span><\/label>\n\t\t\t\t\t<\/p>\n\t\t\t\t<\/div>\n\t\t\t<\/div>\n\t\t\t<div class=\"col-sm-12\">\n\t\t\t\t<div class=\"form-group\">\n\t\t\t\t\t<p><label>Private Message<span class=\"wpcf7-form-control-wrap\" data-name=\"client-msg\"><textarea cols=\"40\" rows=\"1\" maxlength=\"2000\" class=\"wpcf7-form-control wpcf7-textarea form-control\" aria-invalid=\"false\" name=\"client-msg\"><\/textarea><\/span><\/label>\n\t\t\t\t\t<\/p>\n\t\t\t\t<\/div>\n\t\t\t<\/div>\n\t\t\t<div class=\"col-lg-4 col-md-4 col-sm-6 col-sm-12\" style=\"margin-top: 10px;\">\n\t\t\t\t<div class=\"form-group\">\n\t\t\t\t\t<div class=\"contact-dark-button\">\n\t\t\t\t\t\t<p><span><input class=\"wpcf7-form-control wpcf7-submit has-spinner\" type=\"submit\" value=\"Essai gratuit\" \/><\/span>\n\t\t\t\t\t\t<\/p>\n\t\t\t\t\t<\/div>\n\t\t\t\t<\/div>\n\t\t\t<\/div>\n\t\t\t<div class=\"col-lg-8 col-md-8 col-sm-6 col-sm-12\">\n\t\t\t\t<div class='form-response'>\n\t\t\t\t<div class=\"wpcf7-response-output\" aria-hidden=\"true\"><\/div>\n\t\t\t\t<\/div>\n\t\t\t<\/div>\n\t\t<\/div>\n\t<\/div>\n<\/div>\n<input type=\"hidden\" name=\"trp-form-language\" value=\"fr\"\/><\/form>\n<\/div>\n\n<p>Si vous avez des questions, <a title=\"Contact\" href=\"https:\/\/nutraid.eu\/site\/fr\/new-en\/contact\/\">contactez-nous ici<\/a>!<\/p>\n\n\t\t<\/div>\n\t<\/div>\n<\/div><\/div><\/div><div class=\"wpb_column vc_column_container vc_col-sm-2\"><div class=\"vc_column-inner\"><div class=\"wpb_wrapper\"><\/div><\/div><\/div><\/div><div class=\"vc_row-full-width vc_clearfix\"><\/div><section class=\"vc_section\"><\/section>\n<\/div>","protected":false},"excerpt":{"rendered":"Nutraid has been serving food manufacturers for over 20 years. We designed our system to perfectly suit their needs. It is easy to use and produces fully compliant food labels from your recipes in just a few clicks. We created Nutraid to save you time, money, and the stress of producing food labels. Manage your [...]","protected":false},"author":3,"featured_media":0,"parent":0,"menu_order":0,"comment_status":"closed","ping_status":"closed","template":"","meta":{"footnotes":""},"class_list":["post-5760","page","type-page","status-publish","hentry"],"aioseo_notices":[],"_links":{"self":[{"href":"https:\/\/nutraid.eu\/site\/fr\/wp-json\/wp\/v2\/pages\/5760","targetHints":{"allow":["GET"]}}],"collection":[{"href":"https:\/\/nutraid.eu\/site\/fr\/wp-json\/wp\/v2\/pages"}],"about":[{"href":"https:\/\/nutraid.eu\/site\/fr\/wp-json\/wp\/v2\/types\/page"}],"author":[{"embeddable":true,"href":"https:\/\/nutraid.eu\/site\/fr\/wp-json\/wp\/v2\/users\/3"}],"replies":[{"embeddable":true,"href":"https:\/\/nutraid.eu\/site\/fr\/wp-json\/wp\/v2\/comments?post=5760"}],"version-history":[{"count":52,"href":"https:\/\/nutraid.eu\/site\/fr\/wp-json\/wp\/v2\/pages\/5760\/revisions"}],"predecessor-version":[{"id":5973,"href":"https:\/\/nutraid.eu\/site\/fr\/wp-json\/wp\/v2\/pages\/5760\/revisions\/5973"}],"wp:attachment":[{"href":"https:\/\/nutraid.eu\/site\/fr\/wp-json\/wp\/v2\/media?parent=5760"}],"curies":[{"name":"wp","href":"https:\/\/api.w.org\/{rel}","templated":true}]}}