{"id":5019,"date":"2024-08-12T01:30:23","date_gmt":"2024-08-12T01:30:23","guid":{"rendered":"https:\/\/nutraid.thewebsitearchitect.com\/?page_id=5019"},"modified":"2025-02-07T10:44:26","modified_gmt":"2025-02-07T10:44:26","slug":"big-plans","status":"publish","type":"page","link":"https:\/\/nutraid.eu\/site\/fr\/big-plans\/","title":{"rendered":"Les grands plans"},"content":{"rendered":"<div class=\"wpb-content-wrapper\"><div class=\"vc_row wpb_row vc_row-fluid custom-padding vc_custom_1722730109471\"><div class=\"wpb_column vc_column_container vc_col-sm-12\"><div class=\"vc_column-inner\"><div class=\"wpb_wrapper\">\n\t<div class=\"wpb_text_column wpb_content_element\" >\n\t\t<div class=\"wpb_wrapper\">\n\t\t\t<h3 style=\"text-align: center;\">Choisissez votre plan tarifaire - pour les abonnements \u00e0 grand volume (plus de 100 recettes)<\/h3>\n\n\t\t<\/div>\n\t<\/div>\n<\/div><\/div><\/div><\/div><div class=\"vc_row wpb_row vc_row-fluid custom-padding custom-pricing-tables vc_custom_1725731718122 vc_row-o-equal-height vc_row-flex\"><div class=\"wpb_column vc_column_container vc_col-sm-4 vc_col-lg-4 vc_col-md-6\"><div class=\"vc_column-inner\"><div class=\"wpb_wrapper\">\n\t<div class=\"wpb_text_column wpb_content_element vc_custom_1723426780042\" >\n\t\t<div class=\"wpb_wrapper\">\n\t\t\t<h2 style=\"text-align: center;\">Jusqu'\u00e0 200 recettes<\/h2>\n<h3 style=\"text-align: center;\">\u00e0 partir de 3\u20ac\/recette*<\/h3>\n<p style=\"text-align: center;\">600 \u20ac par an<\/p>\n<ul>\n<li>\u00c9tiquettes enti\u00e8rement conformes aux normes de l'UE<\/li>\n<li>Ingr\u00e9dients personnalis\u00e9s<\/li>\n<li>Sous-recettes<\/li>\n<li>Prix de la recette<\/li>\n<li>\u00c9tiquettes d'exportation<\/li>\n<li>Modifications illimit\u00e9es<\/li>\n<li>Jusqu'\u00e0 12 paiements<\/li>\n<\/ul>\n<p><a href=\"https:\/\/www.nutraid.eu\/app\/index.php?option=com_users&amp;view=registration&amp;lang=en-GB&amp;planid=24\" target=\"_blank\" rel=\"noopener\">S'inscrire au plan<\/a><\/p>\n\n\t\t<\/div>\n\t<\/div>\n<\/div><\/div><\/div><div class=\"wpb_column vc_column_container vc_col-sm-4 vc_col-lg-4 vc_col-md-6\"><div class=\"vc_column-inner\"><div class=\"wpb_wrapper\">\n\t<div class=\"wpb_text_column wpb_content_element vc_custom_1723426790423\" >\n\t\t<div class=\"wpb_wrapper\">\n\t\t\t<h2 style=\"text-align: center;\">Jusqu'\u00e0 400 recettes<\/h2>\n<h3 style=\"text-align: center;\">\u00e0 partir de 2,1\u20ac\/recette*<\/h3>\n<p style=\"text-align: center;\">840\u20ac par an<\/p>\n<ul>\n<li>\u00c9tiquettes enti\u00e8rement conformes aux normes de l'UE<\/li>\n<li>Ingr\u00e9dients personnalis\u00e9s<\/li>\n<li>Sous-recettes<\/li>\n<li>Prix de la recette<\/li>\n<li>\u00c9tiquettes d'exportation<\/li>\n<li>Modification illimit\u00e9e<\/li>\n<li>Jusqu'\u00e0 12 paiements<\/li>\n<\/ul>\n<p><a href=\"https:\/\/www.nutraid.eu\/app\/index.php?option=com_users&amp;view=registration&amp;lang=en-GB&amp;planid=25\" target=\"_blank\" rel=\"noopener\">S'inscrire au plan<\/a><\/p>\n\n\t\t<\/div>\n\t<\/div>\n<\/div><\/div><\/div><div class=\"highlighted-pricing wpb_column vc_column_container vc_col-sm-4 vc_col-lg-4 vc_col-md-6\"><div class=\"vc_column-inner\"><div class=\"wpb_wrapper\">\n\t<div class=\"wpb_text_column wpb_content_element vc_custom_1723426802551\" >\n\t\t<div class=\"wpb_wrapper\">\n\t\t\t<h2 style=\"text-align: center;\">Recettes illimit\u00e9es<\/h2>\n<h3 style=\"text-align: center;\">moins de 2\u20ac\/pr\u00e9paration*<\/h3>\n<p style=\"text-align: center;\">1080\u20ac par an<\/p>\n<ul>\n<li>\u00c9tiquettes enti\u00e8rement conformes aux normes de l'UE<\/li>\n<li>Ingr\u00e9dients personnalis\u00e9sSous-recettes<\/li>\n<li>Prix de la recette<\/li>\n<li>\u00c9tiquettes d'exportation<\/li>\n<li>Modification illimit\u00e9e<\/li>\n<li>Jusqu'\u00e0 12 paiements<\/li>\n<\/ul>\n<p><a href=\"https:\/\/www.nutraid.eu\/app\/index.php?option=com_users&amp;view=registration&amp;lang=en-GB&amp;planid=26\" target=\"_blank\" rel=\"noopener\">S'inscrire au plan<\/a><\/p>\n\n\t\t<\/div>\n\t<\/div>\n<\/div><\/div><\/div><\/div><div class=\"vc_row wpb_row vc_row-fluid custom-padding vc_custom_1723426675344\"><div class=\"wpb_column vc_column_container vc_col-sm-12\"><div class=\"vc_column-inner\"><div class=\"wpb_wrapper\">\n\t<div class=\"wpb_text_column wpb_content_element small-text\" >\n\t\t<div class=\"wpb_wrapper\">\n\t\t\t<p style=\"text-align: center;\">* Calcul\u00e9 par an, en utilisant toutes les recettes. Remarque : les abonnements sont r\u00e9serv\u00e9s aux fabricants. Pour les fabricants de petits volumes (jusqu'\u00e0 100 recettes) <a href=\"https:\/\/nutraid.eu\/site\/fr\/plans\/\" rel=\"noopener\">cliquez ici<\/a>.<\/p>\n\n\t\t<\/div>\n\t<\/div>\n<\/div><\/div><\/div><\/div><div data-vc-full-width=\"true\" data-vc-full-width-init=\"false\" class=\"vc_row wpb_row vc_row-fluid custom-padding vc_custom_1722722488285 vc_row-has-fill\"><div class=\"wpb_column vc_column_container vc_col-sm-12\"><div class=\"vc_column-inner\"><div class=\"wpb_wrapper\">\n\t<div class=\"wpb_text_column wpb_content_element vc_custom_1722731961900\" >\n\t\t<div class=\"wpb_wrapper\">\n\t\t\t<h2 style=\"text-align: center;\">Plus qu'un plan moyen<\/h2>\n\n\t\t<\/div>\n\t<\/div>\n<div class=\"vc_row wpb_row vc_inner vc_row-fluid vc_row-o-equal-height vc_row-flex\"><div class=\"wpb_column vc_column_container vc_col-sm-2\"><div class=\"vc_column-inner\"><div class=\"wpb_wrapper\"><\/div><\/div><\/div><div class=\"wpb_column vc_column_container vc_col-sm-8\"><div class=\"vc_column-inner\"><div class=\"wpb_wrapper\">\n\t<div class=\"wpb_text_column wpb_content_element vc_custom_1722733801857\" >\n\t\t<div class=\"wpb_wrapper\">\n\t\t\t<h3 style=\"text-align: left;\">Tous les plans comprennent<\/h3>\n<ul>\n<li>Analyse nutritionnelle bas\u00e9e sur des bases de donn\u00e9es de nutriments approuv\u00e9es par le gouvernement<\/li>\n<li>Base de donn\u00e9es multinationale sp\u00e9cialement filtr\u00e9e pour les besoins des fabricants de produits alimentaires<br \/>\n(y compris USDA, McCance et Widdowson, Ciqual, Nutraid proprietary DB, et autres)<\/li>\n<li>Gestion des recettes en ligne \u00e0 partir de n'importe quel ordinateur ou appareil (avec des navigateurs standard)<\/li>\n<li>Cryptage et sauvegarde des recettes en toute s\u00e9curit\u00e9<\/li>\n<\/ul>\n\n\t\t<\/div>\n\t<\/div>\n<div class=\"vc_separator wpb_content_element vc_separator_align_center vc_sep_width_100 vc_sep_pos_align_center vc_separator_no_text vc_sep_color_grey vc_custom_1722733876194 wpb_content_element  vc_custom_1722733876194 wpb_content_element\" ><span class=\"vc_sep_holder vc_sep_holder_l\"><span class=\"vc_sep_line\"><\/span><\/span><span class=\"vc_sep_holder vc_sep_holder_r\"><span class=\"vc_sep_line\"><\/span><\/span>\n<\/div>\n\t<div class=\"wpb_text_column wpb_content_element\" >\n\t\t<div class=\"wpb_wrapper\">\n\t\t\t<h3>Caract\u00e9ristiques am\u00e9lior\u00e9es<\/h3>\n<ul>\n<li>\u00c9tiquettes conformes aux normes am\u00e9ricaines de la FDA (format d'\u00e9tiquette actuel et nouveau format d'\u00e9tiquette 2018) : 5 \u00e9tiquettes pour 60\u20ac, 10 \u00e9tiquettes pour 90\u20ac ; ou- pour toutes les recettes 120\u20ac suppl\u00e9mentaires par an.<\/li>\n<li>\u00c9tiquettes dans d'autres langues europ\u00e9ennes (traduction automatique des \u00e9tiquettes), y compris des \u00e9tiquettes multilingues : fran\u00e7ais, italien, allemand, espagnol, portugais\n<ul>\n<li>Forfait \"Pay as you go\" : 1 langue suppl\u00e9mentaire - un suppl\u00e9ment de 10\u20ac\/\u00e9tiquette<\/li>\n<li>Forfait \"Pay as you go\" : 2 langues et plus - suppl\u00e9ment de 20\u20ac\/\u00e9tiquette<\/li>\n<li>Abonnement : 1 langue - suppl\u00e9ment de 10\u20ac\/mois (120\u20ac par an)<\/li>\n<li>Abonnement : 2 langues et plus - 20\u20ac\/mois (240\u20ac par an)<\/li>\n<\/ul>\n<\/li>\n<li>Utilisateurs suppl\u00e9mentaires (pour le m\u00eame compte)\n<ul>\n<li>Abonnement (uniquement) : 8\u20ac\/mois pour 1 utilisateur ou 15\u20ac\/mois pour jusqu'\u00e0 5 utilisateurs<\/li>\n<li>Utilisateur de revue uniquement : 4\u20ac\/mois pour 1, ou 7.5\u20ac\/mois pour 5 utilisateurs au maximum<\/li>\n<\/ul>\n<\/li>\n<\/ul>\n<p>Pour les forfaits sp\u00e9ciaux destin\u00e9s aux consultants, aux centres \u00e9ducatifs, aux nutritionnistes, aux syndicats et autres - <a href=\"https:\/\/nutraid.eu\/site\/fr\/new-en\/contact\/\">nous contacter<\/a>.<\/p>\n\n\t\t<\/div>\n\t<\/div>\n<\/div><\/div><\/div><div class=\"wpb_column vc_column_container vc_col-sm-2\"><div class=\"vc_column-inner\"><div class=\"wpb_wrapper\"><\/div><\/div><\/div><\/div><\/div><\/div><\/div><\/div><div class=\"vc_row-full-width vc_clearfix\"><\/div><div data-vc-full-width=\"true\" data-vc-full-width-init=\"false\" class=\"vc_row wpb_row vc_row-fluid white-text vc_custom_1725729939285 vc_row-has-fill vc_row-o-equal-height vc_row-o-content-middle vc_row-flex\"><div class=\"wpb_column vc_column_container vc_col-sm-8\"><div class=\"vc_column-inner\"><div class=\"wpb_wrapper\">\n\t<div class=\"wpb_text_column wpb_content_element center-on-mobile\" >\n\t\t<div class=\"wpb_wrapper\">\n\t\t\t<h2>Inscrivez-vous pour une d\u00e9monstration d\u00e8s aujourd'hui !<\/h2>\n\n\t\t<\/div>\n\t<\/div>\n<\/div><\/div><\/div><div class=\"wpb_column vc_column_container vc_col-sm-4\"><div class=\"vc_column-inner\"><div class=\"wpb_wrapper\"><div class=\"vc_btn3-container  center-on-mobile vc_btn3-center vc_custom_1722740870180 vc_do_btn\" ><a class=\"vc_general vc_btn3 vc_btn3-size-md vc_btn3-shape-rounded vc_btn3-style-modern vc_btn3-color-grey\" href=\"https:\/\/nutraid.eu\/site\/fr\/new-en\/getstarted\/\" title=\"\">S'inscrire<\/a><\/div><\/div><\/div><\/div><\/div><div class=\"vc_row-full-width vc_clearfix\"><\/div>\n<\/div>","protected":false},"excerpt":{"rendered":"Choose your price plan - for large volume subscriptions (over 100 recipes) Up to 200 Recipes from 3\u20ac\/recipe* 600\u20ac annually Fully compliant EU labels Custom ingredients Sub-recipes Recipe pricing Export labels Unlimited modifications Up to 12 payments Sign Up For Plan Up to 400 Recipes from 2.1\u20ac\/recipe* 840\u20ac annually Fully compliant EU labels Custom ingredients [...]","protected":false},"author":1,"featured_media":0,"parent":0,"menu_order":0,"comment_status":"closed","ping_status":"closed","template":"","meta":{"footnotes":""},"class_list":["post-5019","page","type-page","status-publish","hentry"],"aioseo_notices":[],"_links":{"self":[{"href":"https:\/\/nutraid.eu\/site\/fr\/wp-json\/wp\/v2\/pages\/5019","targetHints":{"allow":["GET"]}}],"collection":[{"href":"https:\/\/nutraid.eu\/site\/fr\/wp-json\/wp\/v2\/pages"}],"about":[{"href":"https:\/\/nutraid.eu\/site\/fr\/wp-json\/wp\/v2\/types\/page"}],"author":[{"embeddable":true,"href":"https:\/\/nutraid.eu\/site\/fr\/wp-json\/wp\/v2\/users\/1"}],"replies":[{"embeddable":true,"href":"https:\/\/nutraid.eu\/site\/fr\/wp-json\/wp\/v2\/comments?post=5019"}],"version-history":[{"count":19,"href":"https:\/\/nutraid.eu\/site\/fr\/wp-json\/wp\/v2\/pages\/5019\/revisions"}],"predecessor-version":[{"id":6203,"href":"https:\/\/nutraid.eu\/site\/fr\/wp-json\/wp\/v2\/pages\/5019\/revisions\/6203"}],"wp:attachment":[{"href":"https:\/\/nutraid.eu\/site\/fr\/wp-json\/wp\/v2\/media?parent=5019"}],"curies":[{"name":"wp","href":"https:\/\/api.w.org\/{rel}","templated":true}]}}