{"id":4698,"date":"2024-08-03T22:35:18","date_gmt":"2024-08-03T22:35:18","guid":{"rendered":"https:\/\/nutraid.thewebsitearchitect.com\/?page_id=4698"},"modified":"2025-02-07T10:46:55","modified_gmt":"2025-02-07T10:46:55","slug":"plans","status":"publish","type":"page","link":"https:\/\/nutraid.eu\/site\/fr\/plans\/","title":{"rendered":"Plans"},"content":{"rendered":"<div class=\"wpb-content-wrapper\"><div class=\"vc_row wpb_row vc_row-fluid custom-padding vc_custom_1722730109471\"><div class=\"wpb_column vc_column_container vc_col-sm-2\"><div class=\"vc_column-inner\"><div class=\"wpb_wrapper\"><\/div><\/div><\/div><div class=\"wpb_column vc_column_container vc_col-sm-8\"><div class=\"vc_column-inner\"><div class=\"wpb_wrapper\">\n\t<div class=\"wpb_text_column wpb_content_element\" >\n\t\t<div class=\"wpb_wrapper\">\n\t\t\t<h2 style=\"text-align: center;\">Des \u00e9tiquettes alimentaires pr\u00e9cises \u00e0 des prix abordables<\/h2>\n<p style=\"text-align: center;\">Choisissez votre plan tarifaire - abonnement annuel ou \"paiement au fur et \u00e0 mesure\". Pour les forfaits sp\u00e9ciaux pour les consultants, les centres \u00e9ducatifs, les nutritionnistes, les syndicats et autres, cliquez ici. <a href=\"https:\/\/nutraid.eu\/site\/fr\/new-en\/contact\/\">nous contacter<\/a>.<\/p>\n\n\t\t<\/div>\n\t<\/div>\n<\/div><\/div><\/div><div class=\"wpb_column vc_column_container vc_col-sm-2\"><div class=\"vc_column-inner\"><div class=\"wpb_wrapper\"><\/div><\/div><\/div><\/div><div class=\"vc_row wpb_row vc_row-fluid custom-padding custom-pricing-tables vc_custom_1724797168563 vc_row-o-equal-height vc_row-flex\"><div class=\"wpb_column vc_column_container vc_col-sm-3 vc_col-lg-3 vc_col-md-6\"><div class=\"vc_column-inner\"><div class=\"wpb_wrapper\">\n\t<div class=\"wpb_text_column wpb_content_element vc_custom_1734447454387\" >\n\t\t<div class=\"wpb_wrapper\">\n\t\t\t<h2 style=\"text-align: center;\">Paquet de 10 recettes<\/h2>\n<h3 style=\"text-align: center;\">25\u20ac par recette<\/h3>\n<p style=\"text-align: center;\"><em>total 250\u20ac<\/em><\/p>\n<ul>\n<li>10 recettes pour 1 an<\/li>\n<li>\u00c9tiquettes conformes aux normes de l'UE et de la FDA<\/li>\n<li>Ingr\u00e9dients personnalis\u00e9s<\/li>\n<li>Sous-recettes (limit\u00e9es)<\/li>\n<li>Nutritional analysis reports<\/li>\n<li>Modifications limit\u00e9es<\/li>\n<li><del>Prix de la recette<\/del><\/li>\n<li>\u00c9tiquettes d'exportation<\/li>\n<\/ul>\n<p><a href=\"https:\/\/www.nutraid.eu\/app\/index.php?option=com_users&amp;view=registration&amp;lang=fr-FR&amp;planid=17\" target=\"_blank\" rel=\"noopener\">S'inscrire au plan<\/a><\/p>\n\n\t\t<\/div>\n\t<\/div>\n<\/div><\/div><\/div><div class=\"wpb_column vc_column_container vc_col-sm-3 vc_col-lg-3 vc_col-md-6\"><div class=\"vc_column-inner\"><div class=\"wpb_wrapper\">\n\t<div class=\"wpb_text_column wpb_content_element vc_custom_1734447593510\" >\n\t\t<div class=\"wpb_wrapper\">\n\t\t\t<h2 style=\"text-align: center;\">Paquet de 20 recettes<\/h2>\n<h3 style=\"text-align: center;\">18\u20ac par recette<\/h3>\n<p style=\"text-align: center;\"><em>total 360\u20ac<\/em><\/p>\n<ul>\n<li>20 recettes pour 1 an<\/li>\n<li>\u00c9tiquettes conformes aux normes de l'UE et de la FDA<\/li>\n<li>Ingr\u00e9dients personnalis\u00e9s<\/li>\n<li>Sous-recettes (limit\u00e9es)<\/li>\n<li>Nutritional analysis reports<\/li>\n<li>Modifications limit\u00e9es<\/li>\n<li><del>Prix de la recette<\/del><\/li>\n<li>\u00c9tiquettes d'exportation<\/li>\n<\/ul>\n<p><a href=\"https:\/\/www.nutraid.eu\/app\/index.php?option=com_users&amp;view=registration&amp;lang=fr-FR&amp;planid=23\" target=\"_blank\" rel=\"noopener\">S'inscrire au plan<\/a><\/p>\n\n\t\t<\/div>\n\t<\/div>\n<\/div><\/div><\/div><div class=\"highlighted-pricing wpb_column vc_column_container vc_col-sm-3 vc_col-lg-3 vc_col-md-6\"><div class=\"vc_column-inner\"><div class=\"wpb_wrapper\">\n\t<div class=\"wpb_text_column wpb_content_element vc_custom_1734447823116\" >\n\t\t<div class=\"wpb_wrapper\">\n\t\t\t<h2 style=\"text-align: center;\">Abonnement <br>\nde 1 an<\/h2>\n<h3 style=\"text-align: center;\">\u00e0 partir de 4,2\u20ac\/recette*<\/h3>\n<p style=\"text-align: center;\"><em>420\u20ac par an<\/em><\/p>\n<ul>\n<li class=\"translation-block\">Jusqu'\u00e0 <strong>100<\/strong> recettes<\/li>\n<li>Etiquettes UE\/FDA<\/li>\n<li>Sous-recettes illimit\u00e9es<\/li>\n<li>Cr\u00e9er \/ Importer des ingr\u00e9dients<\/li>\n<li>Produire des \u00e9tiquettes multilingues<\/li>\n<li>Rapports d'analyse et de co\u00fbts<\/li>\n<li>Prix de la recette<\/li>\n<li>Exporter des recettes et des donn\u00e9es d'\u00e9tiquetage<\/li>\n<\/ul>\n<p><a href=\"https:\/\/www.nutraid.eu\/app\/index.php?option=com_users&amp;view=registration&amp;lang=fr-FR&amp;planid=15\" target=\"_blank\" rel=\"noopener\">S'inscrire au plan<\/a><\/p>\n\n\t\t<\/div>\n\t<\/div>\n<\/div><\/div><\/div><div class=\"wpb_column vc_column_container vc_col-sm-3 vc_col-lg-3 vc_col-md-6\"><div class=\"vc_column-inner\"><div class=\"wpb_wrapper\">\n\t<div class=\"wpb_text_column wpb_content_element vc_custom_1734447813664\" >\n\t\t<div class=\"wpb_wrapper\">\n\t\t\t<h2 style=\"text-align: center;\">Abonnement <br>\nde 2 ans<\/h2>\n<h3 style=\"text-align: center;\">\u00e0 partir de 3,6\u20ac\/recette*<\/h3>\n<p style=\"text-align: center;\"><em>720\u20ac \/24 mois<\/em><\/p>\n<ul>\n<li class=\"translation-block\">Jusqu'\u00e0 <strong>100<\/strong> recettes<\/li>\n<li>Etiquettes UE\/FDA<\/li>\n<li>Sous-recettes illimit\u00e9es<\/li>\n<li>Cr\u00e9er \/ Importer des ingr\u00e9dients<\/li>\n<li>Produire des \u00e9tiquettes multilingues<\/li>\n<li>Rapports d'analyse et de co\u00fbts<\/li>\n<li>Prix de la recette<\/li>\n<li>Exporter des recettes et des donn\u00e9es d'\u00e9tiquetage<\/li>\n<li>Prix r\u00e9duit pendant 2 ans<\/li>\n<\/ul>\n<p><a href=\"https:\/\/www.nutraid.eu\/app\/index.php?option=com_users&amp;view=registration&amp;lang=fr-FR&amp;planid=8\" target=\"_blank\" rel=\"noopener\">S'inscrire au plan<\/a><\/p>\n\n\t\t<\/div>\n\t<\/div>\n<\/div><\/div><\/div><\/div><div class=\"vc_row wpb_row vc_row-fluid custom-padding vc_custom_1723426975328\"><div class=\"wpb_column vc_column_container vc_col-sm-12\"><div class=\"vc_column-inner\"><div class=\"wpb_wrapper\">\n\t<div class=\"wpb_text_column wpb_content_element small-text\" >\n\t\t<div class=\"wpb_wrapper\">\n\t\t\t<p style=\"text-align: center;\">* Calcul\u00e9 par an, en utilisant les 100 recettes. Remarque : les abonnements sont r\u00e9serv\u00e9s aux fabricants. Pour les abonnements \u00e0 grand volume (plus de 100 recettes) <a href=\"https:\/\/nutraid.eu\/site\/fr\/big-plans\/\">cliquez ici<\/a>.<\/p>\n\n\t\t<\/div>\n\t<\/div>\n<\/div><\/div><\/div><\/div><div data-vc-full-width=\"true\" data-vc-full-width-init=\"false\" class=\"vc_row wpb_row vc_row-fluid custom-padding vc_custom_1724621449873 vc_row-has-fill vc_row-o-equal-height vc_row-o-content-middle vc_row-flex\"><div class=\"wpb_column vc_column_container vc_col-sm-12\"><div class=\"vc_column-inner\"><div class=\"wpb_wrapper\">\n\t<div class=\"wpb_text_column wpb_content_element vc_custom_1724621425796\" >\n\t\t<div class=\"wpb_wrapper\">\n\t\t\t<h2 style=\"text-align: center;\">Plus qu'un plan moyen<\/h2>\n\n\t\t<\/div>\n\t<\/div>\n<\/div><\/div><\/div><div class=\"wpb_column vc_column_container vc_col-sm-6\"><div class=\"vc_column-inner\"><div class=\"wpb_wrapper\">\n\t<div class=\"wpb_text_column wpb_content_element vc_custom_1722733801857\" >\n\t\t<div class=\"wpb_wrapper\">\n\t\t\t<h3 style=\"text-align: left;\">Tous les plans comprennent<\/h3>\n<ul>\n<li>Analyse nutritionnelle bas\u00e9e sur des bases de donn\u00e9es de nutriments approuv\u00e9es par le gouvernement<\/li>\n<li>Base de donn\u00e9es multinationale sp\u00e9cialement filtr\u00e9e pour les besoins des fabricants de produits alimentaires<br \/>\n(y compris USDA, McCance et Widdowson, Ciqual, Nutraid proprietary DB, et autres)<\/li>\n<li>Gestion des recettes en ligne \u00e0 partir de n'importe quel ordinateur ou appareil (avec des navigateurs standard)<\/li>\n<li>Cryptage et sauvegarde des recettes en toute s\u00e9curit\u00e9<\/li>\n<\/ul>\n\n\t\t<\/div>\n\t<\/div>\n\n\t<div class=\"wpb_text_column wpb_content_element vc_custom_1724621378213\" >\n\t\t<div class=\"wpb_wrapper\">\n\t\t\t<h3>Caract\u00e9ristiques am\u00e9lior\u00e9es<\/h3>\n<ul>\n<li>\u00c9tiquettes conformes aux normes am\u00e9ricaines de la FDA (format d'\u00e9tiquette actuel et nouveau format d'\u00e9tiquette 2018) : 5 \u00e9tiquettes pour 60\u20ac, 10 \u00e9tiquettes pour 90\u20ac ; ou- pour toutes les recettes 120\u20ac suppl\u00e9mentaires par an.<\/li>\n<li>\u00c9tiquettes dans d'autres langues europ\u00e9ennes (traduction automatique des \u00e9tiquettes), y compris des \u00e9tiquettes multilingues : fran\u00e7ais, italien, allemand, espagnol, portugais\n<ul>\n<li>Forfait \"Pay as you go\" : 1 langue suppl\u00e9mentaire - un suppl\u00e9ment de 10\u20ac\/\u00e9tiquette<\/li>\n<li>Forfait \"Pay as you go\" : 2 langues et plus - suppl\u00e9ment de 20\u20ac\/\u00e9tiquette<\/li>\n<li>Abonnement : 1 langue - suppl\u00e9ment de 10\u20ac\/mois (120\u20ac par an)<\/li>\n<li>Abonnement : 2 langues et plus - 20\u20ac\/mois (240\u20ac par an)<\/li>\n<\/ul>\n<\/li>\n<li>Utilisateurs suppl\u00e9mentaires (pour le m\u00eame compte)\n<ul>\n<li>Abonnement (uniquement) : 8\u20ac\/mois pour 1 utilisateur ou 15\u20ac\/mois pour jusqu'\u00e0 5 utilisateurs<\/li>\n<li>Utilisateur de revue uniquement : 4\u20ac\/mois pour 1, ou 7.5\u20ac\/mois pour 5 utilisateurs au maximum<\/li>\n<\/ul>\n<\/li>\n<\/ul>\n\n\t\t<\/div>\n\t<\/div>\n<\/div><\/div><\/div><div class=\"wpb_column vc_column_container vc_col-sm-6\"><div class=\"vc_column-inner\"><div class=\"wpb_wrapper\">\n\t<div  class=\"wpb_single_image wpb_content_element vc_align_left wpb_content_element\">\n\t\t\n\t\t<figure class=\"wpb_wrapper vc_figure\">\n\t\t\t<div class=\"vc_single_image-wrapper vc_box_rounded  vc_box_border_grey\"><img loading=\"lazy\" decoding=\"async\" width=\"1518\" height=\"1706\" src=\"https:\/\/nutraid.eu\/site\/wp-content\/uploads\/2024\/08\/Depositphotos_42933455_original-1-scaled-e1724621352986.jpg\" class=\"vc_single_image-img attachment-full\" alt=\"\" title=\"Portrait d&#039;un chef confiant tenant des aliments cuits dans la cuisine\" srcset=\"https:\/\/nutraid.eu\/site\/wp-content\/uploads\/2024\/08\/Depositphotos_42933455_original-1-scaled-e1724621352986.jpg 1518w, https:\/\/nutraid.eu\/site\/wp-content\/uploads\/2024\/08\/Depositphotos_42933455_original-1-scaled-e1724621352986-267x300.jpg 267w, https:\/\/nutraid.eu\/site\/wp-content\/uploads\/2024\/08\/Depositphotos_42933455_original-1-scaled-e1724621352986-911x1024.jpg 911w, https:\/\/nutraid.eu\/site\/wp-content\/uploads\/2024\/08\/Depositphotos_42933455_original-1-scaled-e1724621352986-768x863.jpg 768w, https:\/\/nutraid.eu\/site\/wp-content\/uploads\/2024\/08\/Depositphotos_42933455_original-1-scaled-e1724621352986-1367x1536.jpg 1367w, https:\/\/nutraid.eu\/site\/wp-content\/uploads\/2024\/08\/Depositphotos_42933455_original-1-scaled-e1724621352986-11x12.jpg 11w\" sizes=\"auto, (max-width: 1518px) 100vw, 1518px\" \/><\/div>\n\t\t<\/figure>\n\t<\/div>\n<\/div><\/div><\/div><\/div><div class=\"vc_row-full-width vc_clearfix\"><\/div><div data-vc-full-width=\"true\" data-vc-full-width-init=\"false\" class=\"vc_row wpb_row vc_row-fluid white-text vc_custom_1722723895985 vc_row-has-fill vc_row-o-equal-height vc_row-o-content-middle vc_row-flex\"><div class=\"wpb_column vc_column_container vc_col-sm-8\"><div class=\"vc_column-inner\"><div class=\"wpb_wrapper\">\n\t<div class=\"wpb_text_column wpb_content_element center-on-mobile\" >\n\t\t<div class=\"wpb_wrapper\">\n\t\t\t<h2>Inscrivez-vous pour une d\u00e9monstration d\u00e8s aujourd'hui !<\/h2>\n\n\t\t<\/div>\n\t<\/div>\n<\/div><\/div><\/div><div class=\"wpb_column vc_column_container vc_col-sm-4\"><div class=\"vc_column-inner\"><div class=\"wpb_wrapper\"><div class=\"vc_btn3-container  center-on-mobile vc_btn3-center vc_custom_1738925211952 vc_do_btn\" ><a class=\"vc_general vc_btn3 vc_btn3-size-md vc_btn3-shape-rounded vc_btn3-style-modern vc_btn3-color-grey\" href=\"https:\/\/nutraid.eu\/site\/fr\/#trial\" title=\"\">S'inscrire<\/a><\/div><\/div><\/div><\/div><\/div><div class=\"vc_row-full-width vc_clearfix\"><\/div>\n<\/div>","protected":false},"excerpt":{"rendered":"Accurate food labels in affordable prices Choose your price plan \u2013 annual subscription or \u201cpay as you go\u201d. For special packages for consultants educational centers, nutritionalists, trade unions and others \u2013 contact us. 10 Recipes Package 25\u20ac per recipe total 250\u20ac 10 recipes for 1 year EU\/FDA compliant labels Custom ingredients Sub-recipes (limited) Nutritional analysis [...]","protected":false},"author":1,"featured_media":0,"parent":0,"menu_order":0,"comment_status":"closed","ping_status":"closed","template":"","meta":{"footnotes":""},"class_list":["post-4698","page","type-page","status-publish","hentry"],"aioseo_notices":[],"_links":{"self":[{"href":"https:\/\/nutraid.eu\/site\/fr\/wp-json\/wp\/v2\/pages\/4698","targetHints":{"allow":["GET"]}}],"collection":[{"href":"https:\/\/nutraid.eu\/site\/fr\/wp-json\/wp\/v2\/pages"}],"about":[{"href":"https:\/\/nutraid.eu\/site\/fr\/wp-json\/wp\/v2\/types\/page"}],"author":[{"embeddable":true,"href":"https:\/\/nutraid.eu\/site\/fr\/wp-json\/wp\/v2\/users\/1"}],"replies":[{"embeddable":true,"href":"https:\/\/nutraid.eu\/site\/fr\/wp-json\/wp\/v2\/comments?post=4698"}],"version-history":[{"count":52,"href":"https:\/\/nutraid.eu\/site\/fr\/wp-json\/wp\/v2\/pages\/4698\/revisions"}],"predecessor-version":[{"id":6204,"href":"https:\/\/nutraid.eu\/site\/fr\/wp-json\/wp\/v2\/pages\/4698\/revisions\/6204"}],"wp:attachment":[{"href":"https:\/\/nutraid.eu\/site\/fr\/wp-json\/wp\/v2\/media?parent=4698"}],"curies":[{"name":"wp","href":"https:\/\/api.w.org\/{rel}","templated":true}]}}