{"id":5845,"date":"2024-11-23T12:59:06","date_gmt":"2024-11-23T12:59:06","guid":{"rendered":"https:\/\/nutraid.eu\/new-en\/?page_id=5845"},"modified":"2024-11-27T13:56:07","modified_gmt":"2024-11-27T13:56:07","slug":"catering-restaurants","status":"publish","type":"page","link":"https:\/\/nutraid.eu\/site\/es\/catering-restaurants\/","title":{"rendered":"Catering y restaurantes"},"content":{"rendered":"<div class=\"wpb-content-wrapper\"><div class=\"vc_row wpb_row vc_row-fluid vc_custom_1732212295758\"><div class=\"wpb_column vc_column_container vc_col-sm-5\"><div class=\"vc_column-inner\"><div class=\"wpb_wrapper\">\n\t<div class=\"wpb_text_column wpb_content_element vc_custom_1732366406351\" >\n\t\t<div class=\"wpb_wrapper\">\n\t\t\t<h2>Plataforma r\u00e1pida de gesti\u00f3n de recetas, pruebas y c\u00e1lculo de costes<\/h2>\n<p>El software de etiquetado de alimentos Nutraid ayuda a restaurantes, hoteles, empresas de catering y hospitales a calcular f\u00e1cilmente la informaci\u00f3n nutricional de sus men\u00fas, platos y dietas de forma precisa y rentable, con s\u00f3lo pulsar un bot\u00f3n.<\/p>\n<p>Obtenga las declaraciones de al\u00e9rgenos de la UE y la FDA y las listas de ingredientes de las recetas, al tiempo que las cambia y actualiza para obtener recetas m\u00e1s saludables y el valor nutricional deseado, en cuesti\u00f3n de minutos.<\/p>\n<p>Los informes de valores, recetas y costes ayudan a sincronizar, estandarizar y compartir la informaci\u00f3n de las recetas en toda la organizaci\u00f3n, incluido el an\u00e1lisis del coste de las recetas por lote y tama\u00f1o de raci\u00f3n, con un desglose completo del coste de los ingredientes.<\/p>\n\n\t\t<\/div>\n\t<\/div>\n<\/div><\/div><\/div><div class=\"wpb_column vc_column_container vc_col-sm-7\"><div class=\"vc_column-inner\"><div class=\"wpb_wrapper\">\n\t<div  class=\"wpb_single_image wpb_content_element vc_align_left wpb_content_element vc_custom_1732029973442  image-rounded\">\n\t\t\n\t\t<figure class=\"wpb_wrapper vc_figure\">\n\t\t\t<div class=\"vc_single_image-wrapper   vc_box_border_grey\"><img loading=\"lazy\" decoding=\"async\" width=\"933\" height=\"410\" src=\"https:\/\/nutraid.eu\/site\/wp-content\/uploads\/2024\/08\/bg2-1-e1725211703582.jpg\" class=\"vc_single_image-img attachment-full\" alt=\"\" title=\"Primer plano de un pastelero masculino concentrado decorando un postre en la cocina\" srcset=\"https:\/\/nutraid.eu\/site\/wp-content\/uploads\/2024\/08\/bg2-1-e1725211703582.jpg 933w, https:\/\/nutraid.eu\/site\/wp-content\/uploads\/2024\/08\/bg2-1-e1725211703582-300x132.jpg 300w, https:\/\/nutraid.eu\/site\/wp-content\/uploads\/2024\/08\/bg2-1-e1725211703582-768x337.jpg 768w, https:\/\/nutraid.eu\/site\/wp-content\/uploads\/2024\/08\/bg2-1-e1725211703582-18x8.jpg 18w\" sizes=\"auto, (max-width: 933px) 100vw, 933px\" \/><\/div>\n\t\t<\/figure>\n\t<\/div>\n<div class=\"vc_btn3-container  contact-dark-button vc_btn3-inline vc_custom_1732532684918 vc_do_btn\" ><a class=\"vc_general vc_btn3 vc_btn3-size-md vc_btn3-shape-rounded vc_btn3-style-modern vc_btn3-color-grey\" href=\"#trial\" title=\"\">Prueba gratuita<\/a><\/div><\/div><\/div><\/div><\/div><div data-vc-full-width=\"true\" data-vc-full-width-init=\"false\" class=\"vc_row wpb_row vc_row-fluid custom-padding icon-offset vc_custom_1732205492525 vc_row-has-fill\"><div class=\"wpb_column vc_column_container vc_col-sm-12\"><div class=\"vc_column-inner\"><div class=\"wpb_wrapper\"><div class=\"vc_row wpb_row vc_inner vc_row-fluid\"><div class=\"flex-custom wpb_column vc_column_container vc_col-sm-4\"><div class=\"vc_column-inner\"><div class=\"wpb_wrapper\">\n\t<div  class=\"wpb_single_image wpb_content_element vc_align_left wpb_content_element\">\n\t\t\n\t\t<figure class=\"wpb_wrapper vc_figure\">\n\t\t\t<div class=\"vc_single_image-wrapper   vc_box_border_grey\"><img loading=\"lazy\" decoding=\"async\" width=\"150\" height=\"150\" src=\"https:\/\/nutraid.eu\/site\/wp-content\/uploads\/2024\/11\/recipes-1.svg\" class=\"vc_single_image-img attachment-thumbnail\" alt=\"\" title=\"recetas\" \/><\/div>\n\t\t<\/figure>\n\t<\/div>\n\n\t<div class=\"wpb_text_column wpb_content_element\" >\n\t\t<div class=\"wpb_wrapper\">\n\t\t\t<h3>Gesti\u00f3n r\u00e1pida y \u00e1gil de recetas<\/h3>\n<p>Componga recetas f\u00e1cilmente, busque, actualice y a\u00f1ada sus ingredientes personales. Las subrecetas se pueden crear y actualizar r\u00e1pidamente con nuevos ingredientes, de forma autom\u00e1tica para todas las recetas.<\/p>\n\n\t\t<\/div>\n\t<\/div>\n<\/div><\/div><\/div><div class=\"flex-custom wpb_column vc_column_container vc_col-sm-4\"><div class=\"vc_column-inner\"><div class=\"wpb_wrapper\">\n\t<div  class=\"wpb_single_image wpb_content_element vc_align_left wpb_content_element\">\n\t\t\n\t\t<figure class=\"wpb_wrapper vc_figure\">\n\t\t\t<div class=\"vc_single_image-wrapper   vc_box_border_grey\"><img loading=\"lazy\" decoding=\"async\" width=\"150\" height=\"150\" src=\"https:\/\/nutraid.eu\/site\/wp-content\/uploads\/2024\/11\/labs.svg\" class=\"vc_single_image-img attachment-thumbnail\" alt=\"\" title=\"laboratorios\" \/><\/div>\n\t\t<\/figure>\n\t<\/div>\n\n\t<div class=\"wpb_text_column wpb_content_element\" >\n\t\t<div class=\"wpb_wrapper\">\n\t\t\t<h3>Analice sus recetas con precisi\u00f3n<\/h3>\n<p>Calcule los nutrientes de sus recetas con un solo clic, incluidos todos los valores nutricionales requeridos, el aporte cal\u00f3rico, los al\u00e9rgenos, los RI y los nutrientes diet\u00e9ticos especializados.<\/p>\n\n\t\t<\/div>\n\t<\/div>\n<\/div><\/div><\/div><div class=\"flex-custom wpb_column vc_column_container vc_col-sm-4\"><div class=\"vc_column-inner\"><div class=\"wpb_wrapper\">\n\t<div  class=\"wpb_single_image wpb_content_element vc_align_left wpb_content_element\">\n\t\t\n\t\t<figure class=\"wpb_wrapper vc_figure\">\n\t\t\t<div class=\"vc_single_image-wrapper   vc_box_border_grey\"><img loading=\"lazy\" decoding=\"async\" width=\"150\" height=\"150\" src=\"https:\/\/nutraid.eu\/site\/wp-content\/uploads\/2024\/11\/print.svg\" class=\"vc_single_image-img attachment-thumbnail\" alt=\"\" title=\"imprimir\" \/><\/div>\n\t\t<\/figure>\n\t<\/div>\n\n\t<div class=\"wpb_text_column wpb_content_element\" >\n\t\t<div class=\"wpb_wrapper\">\n\t\t\t<h3>Intercambio de datos de recetas en la nube<\/h3>\n<p>Comparta y estandarice toda la informaci\u00f3n sobre recetas, nutrientes y costes con todo el personal pertinente, disponible en l\u00ednea desde cualquier dispositivo.<\/p>\n\n\t\t<\/div>\n\t<\/div>\n<\/div><\/div><\/div><\/div><div class=\"vc_separator wpb_content_element vc_separator_align_center vc_sep_width_100 vc_sep_pos_align_center vc_separator_no_text vc_sep_color_grey wpb_content_element  wpb_content_element\" ><span class=\"vc_sep_holder vc_sep_holder_l\"><span class=\"vc_sep_line\"><\/span><\/span><span class=\"vc_sep_holder vc_sep_holder_r\"><span class=\"vc_sep_line\"><\/span><\/span>\n<\/div><\/div><\/div><\/div><\/div><div class=\"vc_row-full-width vc_clearfix\"><\/div><div data-vc-full-width=\"true\" data-vc-full-width-init=\"false\" class=\"vc_row wpb_row vc_row-fluid vc_custom_1732532713608 vc_row-has-fill vc_column-gap-35 vc_row-o-equal-height vc_row-o-content-middle vc_row-flex\"><div class=\"wpb_column vc_column_container vc_col-sm-2\"><div class=\"vc_column-inner\"><div class=\"wpb_wrapper\"><\/div><\/div><\/div><div class=\"wpb_column vc_column_container vc_col-sm-8\"><div class=\"vc_column-inner\"><div class=\"wpb_wrapper\">\n\t<div class=\"wpb_text_column wpb_content_element\" >\n\t\t<div class=\"wpb_wrapper\">\n\t\t\t<h2 style=\"text-align: left;\">Registrarse para una prueba gratuita<\/h2>\n<ul>\n<li style=\"text-align: left;\">Cree recetas con o sin subrecetas f\u00e1cilmente.<\/li>\n<li style=\"text-align: left;\">Produzca etiquetas de alimentos al instante.<\/li>\n<li style=\"text-align: left;\">Gestione sus recetas en l\u00ednea.<\/li>\n<\/ul>\n\n<div class=\"wpcf7 no-js\" id=\"wpcf7-f5531-o1\" lang=\"en-US\" dir=\"ltr\" data-wpcf7-id=\"5531\">\n<div class=\"screen-reader-response\"><p role=\"status\" aria-live=\"polite\" aria-atomic=\"true\"><\/p> <ul><\/ul><\/div>\n<form action=\"\/site\/es\/wp-json\/wp\/v2\/pages\/5845#wpcf7-f5531-o1\" method=\"post\" class=\"wpcf7-form init\" aria-label=\"Contact form\" novalidate=\"novalidate\" data-status=\"init\" data-trp-original-action=\"\/site\/es\/wp-json\/wp\/v2\/pages\/5845#wpcf7-f5531-o1\">\n<div style=\"display: none;\">\n<input type=\"hidden\" name=\"_wpcf7\" value=\"5531\" \/>\n<input type=\"hidden\" name=\"_wpcf7_version\" value=\"6.0.4\" \/>\n<input type=\"hidden\" name=\"_wpcf7_locale\" value=\"en_US\" \/>\n<input type=\"hidden\" name=\"_wpcf7_unit_tag\" value=\"wpcf7-f5531-o1\" \/>\n<input type=\"hidden\" name=\"_wpcf7_container_post\" value=\"0\" \/>\n<input type=\"hidden\" name=\"_wpcf7_posted_data_hash\" value=\"\" \/>\n<input type=\"hidden\" name=\"_wpcf7_recaptcha_response\" value=\"\" \/>\n<\/div>\n<div class=\"row custom-contact-form\" id=\"trial\" style=\"margin-bottom: 35px; margin-left: 0px;\">\n\t<div class=\"contact-form\">\n\t\t<div id=\"contact-form\">\n\t\t\t<div class=\"col-sm-4\">\n\t\t\t\t<div class=\"form-group\">\n\t\t\t\t\t<p><label>Nombre y apellidos<span class=\"wpcf7-form-control-wrap\" data-name=\"client-name\"><input size=\"40\" maxlength=\"400\" class=\"wpcf7-form-control wpcf7-text wpcf7-validates-as-required form-control\" aria-required=\"true\" aria-invalid=\"false\" placeholder=\"Nombre y apellidos\" value=\"\" type=\"text\" name=\"client-name\" \/><\/span><\/label>\n\t\t\t\t\t<\/p>\n\t\t\t\t<\/div>\n\t\t\t<\/div>\n\t\t\t<div class=\"col-sm-4\">\n\t\t\t\t<div class=\"form-group\">\n\t\t\t\t\t<p><label>Correo electr\u00f3nico<span class=\"wpcf7-form-control-wrap\" data-name=\"client-email\"><input size=\"40\" maxlength=\"400\" class=\"wpcf7-form-control wpcf7-email wpcf7-validates-as-required wpcf7-text wpcf7-validates-as-email form-control\" aria-required=\"true\" aria-invalid=\"false\" placeholder=\"Correo electr\u00f3nico\" value=\"\" type=\"email\" name=\"client-email\" \/><\/span><\/label>\n\t\t\t\t\t<\/p>\n\t\t\t\t<\/div>\n\t\t\t<\/div>\n\t\t\t<div class=\"col-sm-4\">\n\t\t\t\t<div class=\"form-group\">\n\t\t\t\t\t<p><label>Phone<span class=\"wpcf7-form-control-wrap\" data-name=\"client-phone\"><input size=\"40\" maxlength=\"400\" class=\"wpcf7-form-control wpcf7-text form-control\" aria-invalid=\"false\" placeholder=\"Phone\" value=\"\" type=\"text\" name=\"client-phone\" \/><\/span><\/label>\n\t\t\t\t\t<\/p>\n\t\t\t\t<\/div>\n\t\t\t<\/div>\n\t\t\t<div class=\"col-sm-12\">\n\t\t\t\t<div class=\"form-group\">\n\t\t\t\t\t<p><label>Private Message<span class=\"wpcf7-form-control-wrap\" data-name=\"client-msg\"><textarea cols=\"40\" rows=\"1\" maxlength=\"2000\" class=\"wpcf7-form-control wpcf7-textarea form-control\" aria-invalid=\"false\" name=\"client-msg\"><\/textarea><\/span><\/label>\n\t\t\t\t\t<\/p>\n\t\t\t\t<\/div>\n\t\t\t<\/div>\n\t\t\t<div class=\"col-lg-4 col-md-4 col-sm-6 col-sm-12\" style=\"margin-top: 10px;\">\n\t\t\t\t<div class=\"form-group\">\n\t\t\t\t\t<div class=\"contact-dark-button\">\n\t\t\t\t\t\t<p><span><input class=\"wpcf7-form-control wpcf7-submit has-spinner\" type=\"submit\" value=\"Prueba gratuita\" \/><\/span>\n\t\t\t\t\t\t<\/p>\n\t\t\t\t\t<\/div>\n\t\t\t\t<\/div>\n\t\t\t<\/div>\n\t\t\t<div class=\"col-lg-8 col-md-8 col-sm-6 col-sm-12\">\n\t\t\t\t<div class='form-response'>\n\t\t\t\t<div class=\"wpcf7-response-output\" aria-hidden=\"true\"><\/div>\n\t\t\t\t<\/div>\n\t\t\t<\/div>\n\t\t<\/div>\n\t<\/div>\n<\/div>\n<input type=\"hidden\" name=\"trp-form-language\" value=\"es\"\/><\/form>\n<\/div>\n\n<p>Si tiene alguna pregunta, <a title=\"Contacto\" href=\"https:\/\/nutraid.eu\/site\/es\/new-en\/contact\/\">p\u00f3ngase en contacto con nosotros<\/a>!<\/p>\n\n\t\t<\/div>\n\t<\/div>\n<\/div><\/div><\/div><div class=\"wpb_column vc_column_container vc_col-sm-2\"><div class=\"vc_column-inner\"><div class=\"wpb_wrapper\"><\/div><\/div><\/div><\/div><div class=\"vc_row-full-width vc_clearfix\"><\/div>\n<\/div>","protected":false},"excerpt":{"rendered":"Quick recipe management, testing and costing platform Nutraid food label software helps restaurants, hotels, caterers and hospitals easily calculate nutritional information for their menus, dishes, and diets accurately and cost effectively, at the click of a button. Get EU and FDA allergen statements and recipe ingredient lists, while changing and updating for healthier recipes and [...]","protected":false},"author":3,"featured_media":0,"parent":0,"menu_order":0,"comment_status":"closed","ping_status":"closed","template":"","meta":{"footnotes":""},"class_list":["post-5845","page","type-page","status-publish","hentry"],"aioseo_notices":[],"_links":{"self":[{"href":"https:\/\/nutraid.eu\/site\/es\/wp-json\/wp\/v2\/pages\/5845","targetHints":{"allow":["GET"]}}],"collection":[{"href":"https:\/\/nutraid.eu\/site\/es\/wp-json\/wp\/v2\/pages"}],"about":[{"href":"https:\/\/nutraid.eu\/site\/es\/wp-json\/wp\/v2\/types\/page"}],"author":[{"embeddable":true,"href":"https:\/\/nutraid.eu\/site\/es\/wp-json\/wp\/v2\/users\/3"}],"replies":[{"embeddable":true,"href":"https:\/\/nutraid.eu\/site\/es\/wp-json\/wp\/v2\/comments?post=5845"}],"version-history":[{"count":25,"href":"https:\/\/nutraid.eu\/site\/es\/wp-json\/wp\/v2\/pages\/5845\/revisions"}],"predecessor-version":[{"id":5989,"href":"https:\/\/nutraid.eu\/site\/es\/wp-json\/wp\/v2\/pages\/5845\/revisions\/5989"}],"wp:attachment":[{"href":"https:\/\/nutraid.eu\/site\/es\/wp-json\/wp\/v2\/media?parent=5845"}],"curies":[{"name":"wp","href":"https:\/\/api.w.org\/{rel}","templated":true}]}}