{"id":5019,"date":"2024-08-12T01:30:23","date_gmt":"2024-08-12T01:30:23","guid":{"rendered":"https:\/\/nutraid.thewebsitearchitect.com\/?page_id=5019"},"modified":"2025-02-07T10:44:26","modified_gmt":"2025-02-07T10:44:26","slug":"big-plans","status":"publish","type":"page","link":"https:\/\/nutraid.eu\/site\/es\/big-plans\/","title":{"rendered":"Grandes planes"},"content":{"rendered":"<div class=\"wpb-content-wrapper\"><div class=\"vc_row wpb_row vc_row-fluid custom-padding vc_custom_1722730109471\"><div class=\"wpb_column vc_column_container vc_col-sm-12\"><div class=\"vc_column-inner\"><div class=\"wpb_wrapper\">\n\t<div class=\"wpb_text_column wpb_content_element\" >\n\t\t<div class=\"wpb_wrapper\">\n\t\t\t<h3 style=\"text-align: center;\">Elija su plan de precios - para suscripciones de gran volumen (m\u00e1s de 100 recetas)<\/h3>\n\n\t\t<\/div>\n\t<\/div>\n<\/div><\/div><\/div><\/div><div class=\"vc_row wpb_row vc_row-fluid custom-padding custom-pricing-tables vc_custom_1725731718122 vc_row-o-equal-height vc_row-flex\"><div class=\"wpb_column vc_column_container vc_col-sm-4 vc_col-lg-4 vc_col-md-6\"><div class=\"vc_column-inner\"><div class=\"wpb_wrapper\">\n\t<div class=\"wpb_text_column wpb_content_element vc_custom_1723426780042\" >\n\t\t<div class=\"wpb_wrapper\">\n\t\t\t<h2 style=\"text-align: center;\">Hasta 200 recetas<\/h2>\n<h3 style=\"text-align: center;\">a partir de 3\u20ac\/receta*.<\/h3>\n<p style=\"text-align: center;\">600 euros anuales<\/p>\n<ul>\n<li>Etiquetas totalmente conformes con la UE<\/li>\n<li>Ingredientes personalizados<\/li>\n<li>Subrecetas<\/li>\n<li>Precios de las recetas<\/li>\n<li>Etiquetas de exportaci\u00f3n<\/li>\n<li>Modificaciones ilimitadas<\/li>\n<li>Hasta 12 pagos<\/li>\n<\/ul>\n<p><a href=\"https:\/\/www.nutraid.eu\/app\/index.php?option=com_users&amp;view=registration&amp;lang=en-GB&amp;planid=24\" target=\"_blank\" rel=\"noopener\">Inscribirse en el plan<\/a><\/p>\n\n\t\t<\/div>\n\t<\/div>\n<\/div><\/div><\/div><div class=\"wpb_column vc_column_container vc_col-sm-4 vc_col-lg-4 vc_col-md-6\"><div class=\"vc_column-inner\"><div class=\"wpb_wrapper\">\n\t<div class=\"wpb_text_column wpb_content_element vc_custom_1723426790423\" >\n\t\t<div class=\"wpb_wrapper\">\n\t\t\t<h2 style=\"text-align: center;\">Hasta 400 recetas<\/h2>\n<h3 style=\"text-align: center;\">a partir de 2,1\u20ac\/receta*.<\/h3>\n<p style=\"text-align: center;\">840 euros anuales<\/p>\n<ul>\n<li>Etiquetas totalmente conformes con la UE<\/li>\n<li>Ingredientes personalizados<\/li>\n<li>Subrecetas<\/li>\n<li>Precios de las recetas<\/li>\n<li>Etiquetas de exportaci\u00f3n<\/li>\n<li>Modificaci\u00f3n ilimitada<\/li>\n<li>Hasta 12 pagos<\/li>\n<\/ul>\n<p><a href=\"https:\/\/www.nutraid.eu\/app\/index.php?option=com_users&amp;view=registration&amp;lang=en-GB&amp;planid=25\" target=\"_blank\" rel=\"noopener\">Inscribirse en el plan<\/a><\/p>\n\n\t\t<\/div>\n\t<\/div>\n<\/div><\/div><\/div><div class=\"highlighted-pricing wpb_column vc_column_container vc_col-sm-4 vc_col-lg-4 vc_col-md-6\"><div class=\"vc_column-inner\"><div class=\"wpb_wrapper\">\n\t<div class=\"wpb_text_column wpb_content_element vc_custom_1723426802551\" >\n\t\t<div class=\"wpb_wrapper\">\n\t\t\t<h2 style=\"text-align: center;\">Recetas ilimitadas<\/h2>\n<h3 style=\"text-align: center;\">menos de 2 euros\/receta*.<\/h3>\n<p style=\"text-align: center;\">1080\u20ac anuales<\/p>\n<ul>\n<li>Etiquetas totalmente conformes con la UE<\/li>\n<li>Ingredientes personalizadosSubreceta<\/li>\n<li>Precios de las recetas<\/li>\n<li>Etiquetas de exportaci\u00f3n<\/li>\n<li>Modificaci\u00f3n ilimitada<\/li>\n<li>Hasta 12 pagos<\/li>\n<\/ul>\n<p><a href=\"https:\/\/www.nutraid.eu\/app\/index.php?option=com_users&amp;view=registration&amp;lang=en-GB&amp;planid=26\" target=\"_blank\" rel=\"noopener\">Inscribirse en el plan<\/a><\/p>\n\n\t\t<\/div>\n\t<\/div>\n<\/div><\/div><\/div><\/div><div class=\"vc_row wpb_row vc_row-fluid custom-padding vc_custom_1723426675344\"><div class=\"wpb_column vc_column_container vc_col-sm-12\"><div class=\"vc_column-inner\"><div class=\"wpb_wrapper\">\n\t<div class=\"wpb_text_column wpb_content_element small-text\" >\n\t\t<div class=\"wpb_wrapper\">\n\t\t\t<p style=\"text-align: center;\">* Calculado por a\u00f1o, cuando se utilizan todas las recetas. Nota: las suscripciones son s\u00f3lo para fabricantes. Precios para fabricantes de peque\u00f1o volumen (hasta 100 recetas) <a href=\"https:\/\/nutraid.eu\/site\/es\/plans\/\" rel=\"noopener\">pulse aqu\u00ed<\/a>.<\/p>\n\n\t\t<\/div>\n\t<\/div>\n<\/div><\/div><\/div><\/div><div data-vc-full-width=\"true\" data-vc-full-width-init=\"false\" class=\"vc_row wpb_row vc_row-fluid custom-padding vc_custom_1722722488285 vc_row-has-fill\"><div class=\"wpb_column vc_column_container vc_col-sm-12\"><div class=\"vc_column-inner\"><div class=\"wpb_wrapper\">\n\t<div class=\"wpb_text_column wpb_content_element vc_custom_1722731961900\" >\n\t\t<div class=\"wpb_wrapper\">\n\t\t\t<h2 style=\"text-align: center;\">M\u00e1s que un plan normal<\/h2>\n\n\t\t<\/div>\n\t<\/div>\n<div class=\"vc_row wpb_row vc_inner vc_row-fluid vc_row-o-equal-height vc_row-flex\"><div class=\"wpb_column vc_column_container vc_col-sm-2\"><div class=\"vc_column-inner\"><div class=\"wpb_wrapper\"><\/div><\/div><\/div><div class=\"wpb_column vc_column_container vc_col-sm-8\"><div class=\"vc_column-inner\"><div class=\"wpb_wrapper\">\n\t<div class=\"wpb_text_column wpb_content_element vc_custom_1722733801857\" >\n\t\t<div class=\"wpb_wrapper\">\n\t\t\t<h3 style=\"text-align: left;\">Todos los planes incluyen:<\/h3>\n<ul>\n<li>An\u00e1lisis nutricional basado en bases de datos de nutrientes aprobadas por el gobierno<\/li>\n<li>Base de datos multinacional especialmente filtrada para las necesidades de los fabricantes de alimentos<br \/>\n(incluidos USDA, McCance and Widdowson, Ciqual, Nutraid proprietary DB y otros)<\/li>\n<li>Gesti\u00f3n de recetas en l\u00ednea desde cualquier ordenador o dispositivo (con navegadores est\u00e1ndar)<\/li>\n<li>Cifrado seguro de recetas y copias de seguridad<\/li>\n<\/ul>\n\n\t\t<\/div>\n\t<\/div>\n<div class=\"vc_separator wpb_content_element vc_separator_align_center vc_sep_width_100 vc_sep_pos_align_center vc_separator_no_text vc_sep_color_grey vc_custom_1722733876194 wpb_content_element  vc_custom_1722733876194 wpb_content_element\" ><span class=\"vc_sep_holder vc_sep_holder_l\"><span class=\"vc_sep_line\"><\/span><\/span><span class=\"vc_sep_holder vc_sep_holder_r\"><span class=\"vc_sep_line\"><\/span><\/span>\n<\/div>\n\t<div class=\"wpb_text_column wpb_content_element\" >\n\t\t<div class=\"wpb_wrapper\">\n\t\t\t<h3>Funciones mejoradas<\/h3>\n<ul>\n<li>Etiquetas conformes con la FDA de EE.UU. (formato de etiqueta actual y nuevo de 2018) Paquetes de pago por uso: 5 etiquetas por 60\u20ac, 10 etiquetas por 90\u20ac; o- para todas las recetas 120\u20ac anuales adicionales.<\/li>\n<li>Etiquetas en otros idiomas europeos (traducci\u00f3n autom\u00e1tica de etiquetas), incluidas etiquetas multiling\u00fces: franc\u00e9s, italiano, alem\u00e1n, espa\u00f1ol y portugu\u00e9s\n<ul>\n<li>Paquete de pago por uso: 1 idioma adicional - un suplemento de 10 euros\/etiqueta<\/li>\n<li>Paquete de pago por uso: 2 idiomas y m\u00e1s - un suplemento de 20 euros\/etiqueta<\/li>\n<li>Suscripci\u00f3n: 1 idioma -un suplemento de 10 euros\/mes (120 euros anuales)<\/li>\n<li>Suscripci\u00f3n: 2 idiomas y m\u00e1s - 20\u20ac\/mes (240\u20ac anuales)<\/li>\n<\/ul>\n<\/li>\n<li>Usuarios adicionales (para la misma cuenta)\n<ul>\n<li>Suscripci\u00f3n (\u00fanicamente): 8\u20ac\/mes para 1,o 15\u20ac\/mes para hasta 5 usuarios<\/li>\n<li>Revisi\u00f3n s\u00f3lo usuario: 4\u20ac\/mes para 1,o 7,5\u20ac\/mes para hasta 5 usuarios<\/li>\n<\/ul>\n<\/li>\n<\/ul>\n<p>Para paquetes especiales para consultores centros educativos, nutricionistas, sindicatos y otros - <a href=\"https:\/\/nutraid.eu\/site\/es\/new-en\/contact\/\">Contacto<\/a>.<\/p>\n\n\t\t<\/div>\n\t<\/div>\n<\/div><\/div><\/div><div class=\"wpb_column vc_column_container vc_col-sm-2\"><div class=\"vc_column-inner\"><div class=\"wpb_wrapper\"><\/div><\/div><\/div><\/div><\/div><\/div><\/div><\/div><div class=\"vc_row-full-width vc_clearfix\"><\/div><div data-vc-full-width=\"true\" data-vc-full-width-init=\"false\" class=\"vc_row wpb_row vc_row-fluid white-text vc_custom_1725729939285 vc_row-has-fill vc_row-o-equal-height vc_row-o-content-middle vc_row-flex\"><div class=\"wpb_column vc_column_container vc_col-sm-8\"><div class=\"vc_column-inner\"><div class=\"wpb_wrapper\">\n\t<div class=\"wpb_text_column wpb_content_element center-on-mobile\" >\n\t\t<div class=\"wpb_wrapper\">\n\t\t\t<h2>Solicite una demostraci\u00f3n hoy mismo.<\/h2>\n\n\t\t<\/div>\n\t<\/div>\n<\/div><\/div><\/div><div class=\"wpb_column vc_column_container vc_col-sm-4\"><div class=\"vc_column-inner\"><div class=\"wpb_wrapper\"><div class=\"vc_btn3-container  center-on-mobile vc_btn3-center vc_custom_1722740870180 vc_do_btn\" ><a class=\"vc_general vc_btn3 vc_btn3-size-md vc_btn3-shape-rounded vc_btn3-style-modern vc_btn3-color-grey\" href=\"https:\/\/nutraid.eu\/site\/es\/new-en\/getstarted\/\" title=\"\">Reg\u00edstrese ahora<\/a><\/div><\/div><\/div><\/div><\/div><div class=\"vc_row-full-width vc_clearfix\"><\/div>\n<\/div>","protected":false},"excerpt":{"rendered":"Choose your price plan - for large volume subscriptions (over 100 recipes) Up to 200 Recipes from 3\u20ac\/recipe* 600\u20ac annually Fully compliant EU labels Custom ingredients Sub-recipes Recipe pricing Export labels Unlimited modifications Up to 12 payments Sign Up For Plan Up to 400 Recipes from 2.1\u20ac\/recipe* 840\u20ac annually Fully compliant EU labels Custom ingredients [...]","protected":false},"author":1,"featured_media":0,"parent":0,"menu_order":0,"comment_status":"closed","ping_status":"closed","template":"","meta":{"footnotes":""},"class_list":["post-5019","page","type-page","status-publish","hentry"],"aioseo_notices":[],"_links":{"self":[{"href":"https:\/\/nutraid.eu\/site\/es\/wp-json\/wp\/v2\/pages\/5019","targetHints":{"allow":["GET"]}}],"collection":[{"href":"https:\/\/nutraid.eu\/site\/es\/wp-json\/wp\/v2\/pages"}],"about":[{"href":"https:\/\/nutraid.eu\/site\/es\/wp-json\/wp\/v2\/types\/page"}],"author":[{"embeddable":true,"href":"https:\/\/nutraid.eu\/site\/es\/wp-json\/wp\/v2\/users\/1"}],"replies":[{"embeddable":true,"href":"https:\/\/nutraid.eu\/site\/es\/wp-json\/wp\/v2\/comments?post=5019"}],"version-history":[{"count":19,"href":"https:\/\/nutraid.eu\/site\/es\/wp-json\/wp\/v2\/pages\/5019\/revisions"}],"predecessor-version":[{"id":6203,"href":"https:\/\/nutraid.eu\/site\/es\/wp-json\/wp\/v2\/pages\/5019\/revisions\/6203"}],"wp:attachment":[{"href":"https:\/\/nutraid.eu\/site\/es\/wp-json\/wp\/v2\/media?parent=5019"}],"curies":[{"name":"wp","href":"https:\/\/api.w.org\/{rel}","templated":true}]}}