{"id":4671,"date":"2024-08-03T21:53:25","date_gmt":"2024-08-03T21:53:25","guid":{"rendered":"https:\/\/nutraid.thewebsitearchitect.com\/?page_id=4671"},"modified":"2025-02-07T14:08:09","modified_gmt":"2025-02-07T14:08:09","slug":"how-it-works","status":"publish","type":"page","link":"https:\/\/nutraid.eu\/site\/es\/how-it-works\/","title":{"rendered":"C\u00f3mo funciona"},"content":{"rendered":"<div class=\"wpb-content-wrapper\"><div data-vc-full-width=\"true\" data-vc-full-width-init=\"false\" class=\"vc_row wpb_row vc_row-fluid custom-boxes-container vc_custom_1725319119265\"><div class=\"custom-box wpb_column vc_column_container vc_col-sm-4 vc_col-lg-4 vc_col-md-4\"><div class=\"vc_column-inner vc_custom_1725728664529\"><div class=\"wpb_wrapper\">\n\t<div class=\"wpb_text_column wpb_content_element vc_custom_1738932400934 custom-heading-same\" >\n\t\t<div class=\"wpb_wrapper\">\n\t\t\t<h3>1. Elija o introduzca los ingredientes de la receta + peso<\/h3>\n\n\t\t<\/div>\n\t<\/div>\n\n\t<div class=\"wpb_text_column wpb_content_element\" >\n\t\t<div class=\"wpb_wrapper\">\n\t\t\t<h3><img loading=\"lazy\" decoding=\"async\" class=\"alignnone size-medium wp-image-5661\" src=\"https:\/\/nutraid.eu\/new-en\/wp-content\/uploads\/2024\/11\/ings-300x216.png\" alt=\"\" width=\"300\" height=\"216\" srcset=\"https:\/\/nutraid.eu\/site\/wp-content\/uploads\/2024\/11\/ings-300x216.png 300w, https:\/\/nutraid.eu\/site\/wp-content\/uploads\/2024\/11\/ings-18x12.png 18w, https:\/\/nutraid.eu\/site\/wp-content\/uploads\/2024\/11\/ings-200x144.png 200w, https:\/\/nutraid.eu\/site\/wp-content\/uploads\/2024\/11\/ings.png 467w\" sizes=\"auto, (max-width: 300px) 100vw, 300px\" \/><\/h3>\n\n\t\t<\/div>\n\t<\/div>\n\n\t<div  class=\"wpb_single_image wpb_content_element vc_align_center wpb_content_element  float-arrow-custom\">\n\t\t\n\t\t<figure class=\"wpb_wrapper vc_figure\">\n\t\t\t<div class=\"vc_single_image-wrapper   vc_box_border_grey\"><img loading=\"lazy\" decoding=\"async\" width=\"800\" height=\"800\" src=\"https:\/\/nutraid.eu\/site\/wp-content\/uploads\/2024\/09\/arrow-right-svgrepo-com.svg\" class=\"vc_single_image-img attachment-large\" alt=\"\" title=\"flecha-derecha-svgrepo-com\" \/><\/div>\n\t\t<\/figure>\n\t<\/div>\n<\/div><\/div><\/div><div class=\"custom-box wpb_column vc_column_container vc_col-sm-4 vc_col-lg-4 vc_col-md-4\"><div class=\"vc_column-inner vc_custom_1725728661234\"><div class=\"wpb_wrapper\">\n\t<div class=\"wpb_text_column wpb_content_element vc_custom_1738932411349 custom-heading-same\" >\n\t\t<div class=\"wpb_wrapper\">\n\t\t\t<h3>2. Seleccione la p\u00e9rdida de agua de cocci\u00f3n<\/h3>\n\n\t\t<\/div>\n\t<\/div>\n\n\t<div class=\"wpb_text_column wpb_content_element\" >\n\t\t<div class=\"wpb_wrapper\">\n\t\t\t<h3><img loading=\"lazy\" decoding=\"async\" class=\"alignnone size-medium wp-image-5663\" src=\"https:\/\/nutraid.eu\/new-en\/wp-content\/uploads\/2024\/11\/wl1-300x216.png\" alt=\"\" width=\"300\" height=\"216\" srcset=\"https:\/\/nutraid.eu\/site\/wp-content\/uploads\/2024\/11\/wl1-300x216.png 300w, https:\/\/nutraid.eu\/site\/wp-content\/uploads\/2024\/11\/wl1-18x12.png 18w, https:\/\/nutraid.eu\/site\/wp-content\/uploads\/2024\/11\/wl1-200x144.png 200w, https:\/\/nutraid.eu\/site\/wp-content\/uploads\/2024\/11\/wl1.png 467w\" sizes=\"auto, (max-width: 300px) 100vw, 300px\" \/><\/h3>\n\n\t\t<\/div>\n\t<\/div>\n\n\t<div  class=\"wpb_single_image wpb_content_element vc_align_center wpb_content_element  float-arrow-custom\">\n\t\t\n\t\t<figure class=\"wpb_wrapper vc_figure\">\n\t\t\t<div class=\"vc_single_image-wrapper   vc_box_border_grey\"><img loading=\"lazy\" decoding=\"async\" width=\"800\" height=\"800\" src=\"https:\/\/nutraid.eu\/site\/wp-content\/uploads\/2024\/09\/arrow-right-svgrepo-com.svg\" class=\"vc_single_image-img attachment-large\" alt=\"\" title=\"flecha-derecha-svgrepo-com\" \/><\/div>\n\t\t<\/figure>\n\t<\/div>\n<\/div><\/div><\/div><div class=\"custom-box wpb_column vc_column_container vc_col-sm-4\"><div class=\"vc_column-inner vc_custom_1725728657830\"><div class=\"wpb_wrapper\">\n\t<div class=\"wpb_text_column wpb_content_element vc_custom_1738932421380 custom-heading-same\" >\n\t\t<div class=\"wpb_wrapper\">\n\t\t\t<h3>3. Elija el formato de la etiqueta e impr\u00edmala o exp\u00f3rtela<\/h3>\n\n\t\t<\/div>\n\t<\/div>\n\n\t<div class=\"wpb_text_column wpb_content_element\" >\n\t\t<div class=\"wpb_wrapper\">\n\t\t\t<h3><img loading=\"lazy\" decoding=\"async\" class=\"alignnone size-medium wp-image-5662\" src=\"https:\/\/nutraid.eu\/new-en\/wp-content\/uploads\/2024\/11\/lbl-300x216.png\" alt=\"\" width=\"300\" height=\"216\" srcset=\"https:\/\/nutraid.eu\/site\/wp-content\/uploads\/2024\/11\/lbl-300x216.png 300w, https:\/\/nutraid.eu\/site\/wp-content\/uploads\/2024\/11\/lbl-18x12.png 18w, https:\/\/nutraid.eu\/site\/wp-content\/uploads\/2024\/11\/lbl-200x144.png 200w, https:\/\/nutraid.eu\/site\/wp-content\/uploads\/2024\/11\/lbl.png 467w\" sizes=\"auto, (max-width: 300px) 100vw, 300px\" \/><\/h3>\n\n\t\t<\/div>\n\t<\/div>\n<\/div><\/div><\/div><\/div><div class=\"vc_row-full-width vc_clearfix\"><\/div><div class=\"vc_row wpb_row vc_row-fluid custom-padding vc_column-gap-35 vc_row-o-equal-height vc_row-o-content-middle vc_row-flex\"><div class=\"wpb_column vc_column_container vc_col-sm-6\"><div class=\"vc_column-inner\"><div class=\"wpb_wrapper\">\n\t<div  class=\"wpb_single_image wpb_content_element vc_align_center wpb_content_element vc_custom_1738937125342  vid-border\">\n\t\t\n\t\t<figure class=\"wpb_wrapper vc_figure\">\n\t\t\t<a href=\"https:\/\/vimeo.com\/1051444052\" target=\"_self\" class=\"vc_single_image-wrapper   vc_box_border_grey\"><img loading=\"lazy\" decoding=\"async\" width=\"1024\" height=\"576\" src=\"https:\/\/nutraid.eu\/site\/wp-content\/uploads\/2025\/02\/video-yt1-1024x576.jpg\" class=\"vc_single_image-img attachment-large\" alt=\"\" title=\"overview\" srcset=\"https:\/\/nutraid.eu\/site\/wp-content\/uploads\/2025\/02\/video-yt1-1024x576.jpg 1024w, https:\/\/nutraid.eu\/site\/wp-content\/uploads\/2025\/02\/video-yt1-300x169.jpg 300w, https:\/\/nutraid.eu\/site\/wp-content\/uploads\/2025\/02\/video-yt1-768x432.jpg 768w, https:\/\/nutraid.eu\/site\/wp-content\/uploads\/2025\/02\/video-yt1-1536x864.jpg 1536w, https:\/\/nutraid.eu\/site\/wp-content\/uploads\/2025\/02\/video-yt1-18x10.jpg 18w, https:\/\/nutraid.eu\/site\/wp-content\/uploads\/2025\/02\/video-yt1-200x113.jpg 200w, https:\/\/nutraid.eu\/site\/wp-content\/uploads\/2025\/02\/video-yt1.jpg 1640w\" sizes=\"auto, (max-width: 1024px) 100vw, 1024px\" \/><\/a>\n\t\t<\/figure>\n\t<\/div>\n\n\t<div class=\"wpb_text_column wpb_content_element vc_custom_1722722317643\" >\n\t\t<div class=\"wpb_wrapper\">\n\t\t\t<h3 style=\"text-align: center;\">V\u00eddeo: Visi\u00f3n general del software Nutraid<\/h3>\n\n\t\t<\/div>\n\t<\/div>\n<\/div><\/div><\/div><div class=\"wpb_column vc_column_container vc_col-sm-6\"><div class=\"vc_column-inner\"><div class=\"wpb_wrapper\">\n\t<div class=\"wpb_text_column wpb_content_element vc_custom_1725728424248\" >\n\t\t<div class=\"wpb_wrapper\">\n\t\t\t<h2>Lo m\u00e1s destacado de Nutraid<\/h2>\n<ul>\n<li>Crear nuevas recetas<\/li>\n<li>A\u00f1adir ingredientes personalizados<\/li>\n<li>Crear y reutilizar subrecetas<\/li>\n<li>Produzca 1169 etiquetas conformes con la UE<\/li>\n<li>Producir etiquetas estadounidenses<\/li>\n<li>Producci\u00f3n de etiquetas multiling\u00fces<\/li>\n<li>Utilizar informes de an\u00e1lisis y c\u00e1lculo de costes<\/li>\n<li>Exportar recetas y datos de etiquetas<\/li>\n<\/ul>\n\n\t\t<\/div>\n\t<\/div>\n<div class=\"vc_btn3-container vc_btn3-left vc_custom_1738937286518 vc_do_btn\" ><a class=\"vc_general vc_btn3 vc_btn3-size-md vc_btn3-shape-rounded vc_btn3-style-modern vc_btn3-color-grey\" href=\"https:\/\/nutraid.eu\/site\/es\/#trial\" title=\"\">Reg\u00edstrese ahora<\/a><\/div><\/div><\/div><\/div><\/div><div data-vc-full-width=\"true\" data-vc-full-width-init=\"false\" class=\"vc_row wpb_row vc_row-fluid custom-padding vc_custom_1725728236426 vc_row-has-fill vc_column-gap-35\"><div class=\"wpb_column vc_column_container vc_col-sm-12\"><div class=\"vc_column-inner\"><div class=\"wpb_wrapper\">\n\t<div class=\"wpb_text_column wpb_content_element vc_custom_1725728224980\" >\n\t\t<div class=\"wpb_wrapper\">\n\t\t\t<h2 style=\"text-align: center;\">V\u00eddeos tutoriales<\/h2>\n\n\t\t<\/div>\n\t<\/div>\n<div class=\"vc_row wpb_row vc_inner vc_row-fluid\"><div class=\"wpb_column vc_column_container vc_col-sm-3\"><div class=\"vc_column-inner\"><div class=\"wpb_wrapper\">\n\t<div  class=\"wpb_single_image wpb_content_element vc_align_center wpb_content_element vc_custom_1738936391936\">\n\t\t\n\t\t<figure class=\"wpb_wrapper vc_figure\">\n\t\t\t<div class=\"vc_single_image-wrapper   vc_box_border_grey\"><img decoding=\"async\" class=\"vc_single_image-img\" src=\"https:\/\/nutraid.eu\/site\/wp-content\/uploads\/2025\/02\/video-ph-180x150.jpg\" width=\"180\" height=\"150\" alt=\"video-ph\" title=\"video-ph\" loading=\"lazy\" \/><\/div>\n\t\t<\/figure>\n\t<\/div>\n<\/div><\/div><\/div><div class=\"wpb_column vc_column_container vc_col-sm-3\"><div class=\"vc_column-inner\"><div class=\"wpb_wrapper\">\n\t<div  class=\"wpb_single_image wpb_content_element vc_align_center wpb_content_element vc_custom_1738936391936\">\n\t\t\n\t\t<figure class=\"wpb_wrapper vc_figure\">\n\t\t\t<div class=\"vc_single_image-wrapper   vc_box_border_grey\"><img decoding=\"async\" class=\"vc_single_image-img\" src=\"https:\/\/nutraid.eu\/site\/wp-content\/uploads\/2025\/02\/video-ph-180x150.jpg\" width=\"180\" height=\"150\" alt=\"video-ph\" title=\"video-ph\" loading=\"lazy\" \/><\/div>\n\t\t<\/figure>\n\t<\/div>\n<\/div><\/div><\/div><div class=\"wpb_column vc_column_container vc_col-sm-3\"><div class=\"vc_column-inner\"><div class=\"wpb_wrapper\">\n\t<div  class=\"wpb_single_image wpb_content_element vc_align_center wpb_content_element vc_custom_1738936391936\">\n\t\t\n\t\t<figure class=\"wpb_wrapper vc_figure\">\n\t\t\t<div class=\"vc_single_image-wrapper   vc_box_border_grey\"><img decoding=\"async\" class=\"vc_single_image-img\" src=\"https:\/\/nutraid.eu\/site\/wp-content\/uploads\/2025\/02\/video-ph-180x150.jpg\" width=\"180\" height=\"150\" alt=\"video-ph\" title=\"video-ph\" loading=\"lazy\" \/><\/div>\n\t\t<\/figure>\n\t<\/div>\n<\/div><\/div><\/div><div class=\"wpb_column vc_column_container vc_col-sm-3\"><div class=\"vc_column-inner\"><div class=\"wpb_wrapper\">\n\t<div  class=\"wpb_single_image wpb_content_element vc_align_center wpb_content_element vc_custom_1738936391936\">\n\t\t\n\t\t<figure class=\"wpb_wrapper vc_figure\">\n\t\t\t<div class=\"vc_single_image-wrapper   vc_box_border_grey\"><img decoding=\"async\" class=\"vc_single_image-img\" src=\"https:\/\/nutraid.eu\/site\/wp-content\/uploads\/2025\/02\/video-ph-180x150.jpg\" width=\"180\" height=\"150\" alt=\"video-ph\" title=\"video-ph\" loading=\"lazy\" \/><\/div>\n\t\t<\/figure>\n\t<\/div>\n<\/div><\/div><\/div><\/div><\/div><\/div><\/div><\/div><div class=\"vc_row-full-width vc_clearfix\"><\/div><div data-vc-full-width=\"true\" data-vc-full-width-init=\"false\" class=\"vc_row wpb_row vc_row-fluid custom-padding\"><div class=\"wpb_column vc_column_container vc_col-sm-2\"><div class=\"vc_column-inner\"><div class=\"wpb_wrapper\"><\/div><\/div><\/div><div class=\"wpb_column vc_column_container vc_col-sm-8\"><div class=\"vc_column-inner\"><div class=\"wpb_wrapper\">\n\t<div class=\"wpb_text_column wpb_content_element vc_custom_1725211005253\" >\n\t\t<div class=\"wpb_wrapper\">\n\t\t\t<h2 style=\"text-align: center;\">Preguntas frecuentes<\/h2>\n\n\t\t<\/div>\n\t<\/div>\n<div class=\"vc_tta-container\" data-vc-action=\"collapse\"><div class=\"vc_general vc_tta vc_tta-accordion vc_tta-color-grey vc_tta-style-classic vc_tta-shape-rounded vc_tta-o-shape-group vc_tta-controls-align-default\"><div class=\"vc_tta-panels-container\"><div class=\"vc_tta-panels\"><div class=\"vc_tta-panel vc_active\" id=\"1722722373895-0c037208-635d\" data-vc-content=\".vc_tta-panel-body\"><div class=\"vc_tta-panel-heading\"><h4 class=\"vc_tta-panel-title vc_tta-controls-icon-position-left\"><a href=\"#1722722373895-0c037208-635d\" data-vc-accordion data-vc-container=\".vc_tta-container\"><span class=\"vc_tta-title-text\">\u00bfPuedo utilizar Nutraid antes de comprometerme?<\/span><i class=\"vc_tta-controls-icon vc_tta-controls-icon-plus\"><\/i><\/a><\/h4><\/div><div class=\"vc_tta-panel-body\">\n\t<div class=\"wpb_text_column wpb_content_element\" >\n\t\t<div class=\"wpb_wrapper\">\n\t\t\t<p>Para nosotros es importante que pruebe usted mismo el programa para estar seguros de que se adapta a sus necesidades. Para una demostraci\u00f3n gratuita <a href=\"https:\/\/nutraid.eu\/site\/es\/new-en\/contact\/\">contacte con su representante local<\/a> por tel\u00e9fono o correo, o rellene el formulario \"Solicitud de demostraci\u00f3n\", y nos pondremos en contacto con usted en breve.<br \/>\nSi lo desea, puede solicitar una prueba gratuita de 30 d\u00edas.<\/p>\n\n\t\t<\/div>\n\t<\/div>\n<\/div><\/div><div class=\"vc_tta-panel\" id=\"1722722373900-e07b151f-ff95\" data-vc-content=\".vc_tta-panel-body\"><div class=\"vc_tta-panel-heading\"><h4 class=\"vc_tta-panel-title vc_tta-controls-icon-position-left\"><a href=\"#1722722373900-e07b151f-ff95\" data-vc-accordion data-vc-container=\".vc_tta-container\"><span class=\"vc_tta-title-text\">\u00bfCu\u00e1les son las ventajas de una licencia por suscripci\u00f3n?<\/span><i class=\"vc_tta-controls-icon vc_tta-controls-icon-plus\"><\/i><\/a><\/h4><\/div><div class=\"vc_tta-panel-body\">\n\t<div class=\"wpb_text_column wpb_content_element\" >\n\t\t<div class=\"wpb_wrapper\">\n\t\t\t<p>Las empresas con m\u00e1s de 25 productos son las que m\u00e1s se beneficiar\u00e1n del plan de precios basado en la suscripci\u00f3n anual de Nutraid. Obtendr\u00e1 acceso ilimitado para a\u00f1adir y gestionar todas sus recetas, crear nuevas etiquetas de productos y actualizar y mejorar sus recetas, con actualizaciones de software gratuitas.<\/p>\n<p>Para m\u00e1s informaci\u00f3n sobre precios y paquetes de productos, p\u00f3ngase en contacto con su distribuidor local.\u00a0<u><a href=\"https:\/\/nutraid.eu\/site\/es\/new-en\/contact\/\">Representante de Nutraid<\/a><\/u>\u00a0o p\u00f3ngase en contacto con nosotros en\u00a0<a href=\"mailto:contact@nutraid.com\">contact@nutraid.com<\/a>.<\/p>\n\n\t\t<\/div>\n\t<\/div>\n<\/div><\/div><div class=\"vc_tta-panel\" id=\"1722722501899-96c9f09d-079a\" data-vc-content=\".vc_tta-panel-body\"><div class=\"vc_tta-panel-heading\"><h4 class=\"vc_tta-panel-title vc_tta-controls-icon-position-left\"><a href=\"#1722722501899-96c9f09d-079a\" data-vc-accordion data-vc-container=\".vc_tta-container\"><span class=\"vc_tta-title-text\">\u00bfPuedo pagar por receta o producto?<\/span><i class=\"vc_tta-controls-icon vc_tta-controls-icon-plus\"><\/i><\/a><\/h4><\/div><div class=\"vc_tta-panel-body\">\n\t<div class=\"wpb_text_column wpb_content_element\" >\n\t\t<div class=\"wpb_wrapper\">\n\t\t\t<p>Puede adquirir una licencia de Nutraid por producto o una suscripci\u00f3n anual ilimitada. Dise\u00f1ado para adaptarse a fabricantes nuevos o muy peque\u00f1os, Nutraid le permite empezar con un paquete de 5 productos y ampliarlo a medida que avanza.<\/p>\n<p>Todas las licencias de Nutraid incluyen actualizaciones de software gratuitas.<\/p>\n<p>Existen descuentos adicionales para periodos de suscripci\u00f3n m\u00e1s largos y compras al por mayor mediante paquetes de productos.<\/p>\n\n\t\t<\/div>\n\t<\/div>\n<\/div><\/div><div class=\"vc_tta-panel\" id=\"1722722532817-ee8bac41-1b88\" data-vc-content=\".vc_tta-panel-body\"><div class=\"vc_tta-panel-heading\"><h4 class=\"vc_tta-panel-title vc_tta-controls-icon-position-left\"><a href=\"#1722722532817-ee8bac41-1b88\" data-vc-accordion data-vc-container=\".vc_tta-container\"><span class=\"vc_tta-title-text\">\u00bfC\u00f3mo cumple Nutraid la legislaci\u00f3n de la UE y EE.UU.?<\/span><i class=\"vc_tta-controls-icon vc_tta-controls-icon-plus\"><\/i><\/a><\/h4><\/div><div class=\"vc_tta-panel-body\">\n\t<div class=\"wpb_text_column wpb_content_element\" >\n\t\t<div class=\"wpb_wrapper\">\n\t\t\t<p>Las etiquetas de informaci\u00f3n nutricional de Nutraid incluyen los valores nutricionales requeridos de su receta, la declaraci\u00f3n de ingredientes y al\u00e9rgenos, vitaminas y minerales, RI y QUID, de acuerdo con la nueva normativa de la UE 1169\/2011 sobre informaci\u00f3n alimentaria a los consumidores, y la normativa de etiquetado de alimentos de la FDA.<\/p>\n\n\t\t<\/div>\n\t<\/div>\n<\/div><\/div><div class=\"vc_tta-panel\" id=\"1722722559605-70f51449-a421\" data-vc-content=\".vc_tta-panel-body\"><div class=\"vc_tta-panel-heading\"><h4 class=\"vc_tta-panel-title vc_tta-controls-icon-position-left\"><a href=\"#1722722559605-70f51449-a421\" data-vc-accordion data-vc-container=\".vc_tta-container\"><span class=\"vc_tta-title-text\">\u00bfCu\u00e1l es la fuente de sus datos sobre nutrientes?<\/span><i class=\"vc_tta-controls-icon vc_tta-controls-icon-plus\"><\/i><\/a><\/h4><\/div><div class=\"vc_tta-panel-body\">\n\t<div class=\"wpb_text_column wpb_content_element\" >\n\t\t<div class=\"wpb_wrapper\">\n\t\t\t<p>Nutraid Entre las principales fuentes de datos se encuentran las bases de datos oficiales McCance y Widdowson (o CoFIDS) y el USDA. Tambi\u00e9n utilizamos INRAN, Ciqual y nuestras propias fuentes de datos.<\/p>\n\n\t\t<\/div>\n\t<\/div>\n<\/div><\/div><div class=\"vc_tta-panel\" id=\"1722722584141-0c7e82ca-7858\" data-vc-content=\".vc_tta-panel-body\"><div class=\"vc_tta-panel-heading\"><h4 class=\"vc_tta-panel-title vc_tta-controls-icon-position-left\"><a href=\"#1722722584141-0c7e82ca-7858\" data-vc-accordion data-vc-container=\".vc_tta-container\"><span class=\"vc_tta-title-text\">\u00bfC\u00f3mo se a\u00f1aden los al\u00e9rgenos a mis etiquetas?<\/span><i class=\"vc_tta-controls-icon vc_tta-controls-icon-plus\"><\/i><\/a><\/h4><\/div><div class=\"vc_tta-panel-body\">\n\t<div class=\"wpb_text_column wpb_content_element\" >\n\t\t<div class=\"wpb_wrapper\">\n\t\t\t<p>Todos nuestros ingredientes est\u00e1n etiquetados con sus al\u00e9rgenos, que aparecen autom\u00e1ticamente en la declaraci\u00f3n de ingredientes de su etiqueta, en formatos EU1169 o US.<\/p>\n<p>Si a\u00f1ade su propio ingrediente personalizado, se abrir\u00e1 una ventana emergente para que elija y etiquete los al\u00e9rgenos relevantes, y los al\u00e9rgenos que puede contener su receta. Una vez etiquetados, estos al\u00e9rgenos tambi\u00e9n aparecer\u00e1n en la declaraci\u00f3n.<\/p>\n\n\t\t<\/div>\n\t<\/div>\n<\/div><\/div><div class=\"vc_tta-panel\" id=\"1722722612398-00912a2f-7916\" data-vc-content=\".vc_tta-panel-body\"><div class=\"vc_tta-panel-heading\"><h4 class=\"vc_tta-panel-title vc_tta-controls-icon-position-left\"><a href=\"#1722722612398-00912a2f-7916\" data-vc-accordion data-vc-container=\".vc_tta-container\"><span class=\"vc_tta-title-text\">\u00bfQu\u00e9 ordenador o sistema operativo necesito?<\/span><i class=\"vc_tta-controls-icon vc_tta-controls-icon-plus\"><\/i><\/a><\/h4><\/div><div class=\"vc_tta-panel-body\">\n\t<div class=\"wpb_text_column wpb_content_element\" >\n\t\t<div class=\"wpb_wrapper\">\n\t\t\t<p>Nutraid es un software basado en la nube. Se puede acceder desde cualquier Windows, Android, Mac o cualquier otro ordenador con conexi\u00f3n a Internet que admita navegadores web como Chrome, Firefox, etc.<\/p>\n\n\t\t<\/div>\n\t<\/div>\n<\/div><\/div><div class=\"vc_tta-panel\" id=\"1722722628727-868cf14b-a6e9\" data-vc-content=\".vc_tta-panel-body\"><div class=\"vc_tta-panel-heading\"><h4 class=\"vc_tta-panel-title vc_tta-controls-icon-position-left\"><a href=\"#1722722628727-868cf14b-a6e9\" data-vc-accordion data-vc-container=\".vc_tta-container\"><span class=\"vc_tta-title-text\">\u00bfPuedo trabajar en mis recetas con cualquier dispositivo?<\/span><i class=\"vc_tta-controls-icon vc_tta-controls-icon-plus\"><\/i><\/a><\/h4><\/div><div class=\"vc_tta-panel-body\">\n\t<div class=\"wpb_text_column wpb_content_element\" >\n\t\t<div class=\"wpb_wrapper\">\n\t\t\t<p>S\u00ed. Nutraid es una aplicaci\u00f3n en l\u00ednea y se puede utilizar desde cualquier dispositivo conectado a Internet con un navegador habilitado para javascript. Puede trabajar con Nutraid en cualquier ordenador port\u00e1til, iPad o tableta Android. Sin embargo, para su comodidad, se aconseja utilizar al menos una pantalla de 8\u2033.<\/p>\n\n\t\t<\/div>\n\t<\/div>\n<\/div><\/div><\/div><\/div><\/div><\/div><\/div><\/div><\/div><div class=\"wpb_column vc_column_container vc_col-sm-2\"><div class=\"vc_column-inner\"><div class=\"wpb_wrapper\"><\/div><\/div><\/div><\/div><div class=\"vc_row-full-width vc_clearfix\"><\/div><div data-vc-full-width=\"true\" data-vc-full-width-init=\"false\" class=\"vc_row wpb_row vc_row-fluid white-text vc_custom_1722723895985 vc_row-has-fill vc_row-o-equal-height vc_row-o-content-middle vc_row-flex\"><div class=\"wpb_column vc_column_container vc_col-sm-8\"><div class=\"vc_column-inner\"><div class=\"wpb_wrapper\">\n\t<div class=\"wpb_text_column wpb_content_element center-on-mobile\" >\n\t\t<div class=\"wpb_wrapper\">\n\t\t\t<h2>Solicite una demostraci\u00f3n hoy mismo.<\/h2>\n\n\t\t<\/div>\n\t<\/div>\n<\/div><\/div><\/div><div class=\"wpb_column vc_column_container vc_col-sm-4\"><div class=\"vc_column-inner\"><div class=\"wpb_wrapper\"><div class=\"vc_btn3-container vc_btn3-center vc_custom_1738937265567 vc_do_btn\" ><a class=\"vc_general vc_btn3 vc_btn3-size-md vc_btn3-shape-rounded vc_btn3-style-modern vc_btn3-color-grey\" href=\"https:\/\/nutraid.eu\/site\/es\/#trial\" title=\"\">Reg\u00edstrese ahora<\/a><\/div><\/div><\/div><\/div><\/div><div class=\"vc_row-full-width vc_clearfix\"><\/div>\n<\/div>","protected":false},"excerpt":{"rendered":"1. Choose or enter the recipe ingredients + weight 2. Select cooking water-loss 3. Choose the label format &amp; print or export it Video: Nutraid Software Overview Nutraid Highlights Create new recipes Add custom ingredients Create and re-use sub-recipes Produce 1169 EU compliant labels Produce US labels Produce mulitilingual labels Use analysis and costing reports [...]","protected":false},"author":1,"featured_media":0,"parent":0,"menu_order":0,"comment_status":"closed","ping_status":"closed","template":"","meta":{"footnotes":""},"class_list":["post-4671","page","type-page","status-publish","hentry"],"aioseo_notices":[],"_links":{"self":[{"href":"https:\/\/nutraid.eu\/site\/es\/wp-json\/wp\/v2\/pages\/4671","targetHints":{"allow":["GET"]}}],"collection":[{"href":"https:\/\/nutraid.eu\/site\/es\/wp-json\/wp\/v2\/pages"}],"about":[{"href":"https:\/\/nutraid.eu\/site\/es\/wp-json\/wp\/v2\/types\/page"}],"author":[{"embeddable":true,"href":"https:\/\/nutraid.eu\/site\/es\/wp-json\/wp\/v2\/users\/1"}],"replies":[{"embeddable":true,"href":"https:\/\/nutraid.eu\/site\/es\/wp-json\/wp\/v2\/comments?post=4671"}],"version-history":[{"count":75,"href":"https:\/\/nutraid.eu\/site\/es\/wp-json\/wp\/v2\/pages\/4671\/revisions"}],"predecessor-version":[{"id":6231,"href":"https:\/\/nutraid.eu\/site\/es\/wp-json\/wp\/v2\/pages\/4671\/revisions\/6231"}],"wp:attachment":[{"href":"https:\/\/nutraid.eu\/site\/es\/wp-json\/wp\/v2\/media?parent=4671"}],"curies":[{"name":"wp","href":"https:\/\/api.w.org\/{rel}","templated":true}]}}